{"id":668,"date":"2026-04-09T17:28:00","date_gmt":"2026-04-09T17:28:00","guid":{"rendered":"https:\/\/zusammenlesen.mur.at\/?page_id=668"},"modified":"2026-04-09T17:28:00","modified_gmt":"2026-04-09T17:28:00","slug":"zl16","status":"publish","type":"page","link":"https:\/\/zusammenlesen.mur.at\/index.php\/zl16\/","title":{"rendered":"zl16"},"content":{"rendered":"\n<figure class=\"wp-block-image size-large\"><img loading=\"lazy\" decoding=\"async\" width=\"1024\" height=\"538\" src=\"https:\/\/zusammenlesen.mur.at\/wp-content\/uploads\/2026\/04\/zl-16-header-1024x538.jpg\" alt=\"\" class=\"wp-image-669\" srcset=\"https:\/\/zusammenlesen.mur.at\/wp-content\/uploads\/2026\/04\/zl-16-header-1024x538.jpg 1024w, https:\/\/zusammenlesen.mur.at\/wp-content\/uploads\/2026\/04\/zl-16-header-300x158.jpg 300w, https:\/\/zusammenlesen.mur.at\/wp-content\/uploads\/2026\/04\/zl-16-header-768x403.jpg 768w, https:\/\/zusammenlesen.mur.at\/wp-content\/uploads\/2026\/04\/zl-16-header-1536x807.jpg 1536w, https:\/\/zusammenlesen.mur.at\/wp-content\/uploads\/2026\/04\/zl-16-header-2048x1076.jpg 2048w\" sizes=\"auto, (max-width: 1024px) 100vw, 1024px\" \/><\/figure>\n\n\n\n<p class=\"has-text-align-center\"><em>Lesung und Gespr\u00e4ch mit<\/em><\/p>\n\n\n\n<p class=\"has-text-align-center\">Christine Teichmann,<\/p>\n\n\n\n<p class=\"has-text-align-center\">Elias Hirschl &amp;<\/p>\n\n\n\n<p class=\"has-text-align-center\">Max H\u00f6fler<\/p>\n\n\n\n<p>Am <strong>6. Mai um 19 Uhr <\/strong>geht es auf der <strong>Murinsel im Caf\u00e9 <\/strong>mit der Lesereihe \u201ezusammen lesen\u201c weiter. Und zwar mit der dritten Ausgabe unseres Formats <em>Schnittpunkte<\/em>: \u201cLiteratur &amp; \u2026\u201d Dabei stellen wir intermediale Aspekte des Schreibens in den Mittelpunkt. Dieses Mal begr\u00fc\u00dfen wir die Autor*innen Christine Teichmann, Elias Hirschl &amp; Max H\u00f6fler zu \u201eLiteratur &amp; Performance\u201c.<\/p>\n\n\n\n<p>Die Unabh\u00e4ngige Lesereihe \u201ezusammen lesen\u201c, die von Klaus Stoertebeker und Julia Kna\u00df organisiert und kuratiert wird, will in Graz einen Treffpunkt f\u00fcr an Gegenwartsliteratur interessierte Menschen schaffen. Literatur wird als soziale Praxis des Austauschs verstanden, weswegen im Format der Lesereihe Lesende zueinander in Beziehung gesetzt werden und in Resonanz mit dem Publikum treten wollen. Durch solidarisches Miteinander soll ein kollektiver Zusammenhang, ein Ort gemeinsamen Reflektierens, Vernetzens und Handelns entstehen.<\/p>\n\n\n\n<p><strong><u>Zu den Autor*innen<\/u><\/strong><\/p>\n\n\n\n<p><strong>Christine Teichmann<\/strong> ist Autorin, Kabarettistin, Schauspielerin, Artistin und k\u00fcnstlerische Aktivistin. In ihrer Eigenschaft als Slam Poetin und Kleink\u00fcnstlerin ist sie von zahlreichen B\u00fchnen im deutschsprachigen Raum bekannt.\u00a0Sie ist Autorin von 4 ver\u00f6ffentlichten Romanen und 6 abendf\u00fcllenden, sowie mehreren k\u00fcrzeren B\u00fchnenst\u00fccken, die in den letzten Jahren zur Auff\u00fchrung gelangt sind. Ihre bislang drei gesellschaftskritischen Kabarett Programme wurden mehrfach ausgezeichnet, ein viertes ist in Arbeit. Als k\u00fcnstlerische Leitung der OMAS GEGEN RECHTS Steiermark gestaltet sie generationen\u00fcbergreifende Performance Projekte im \u00f6ffentlichen Raum.<\/p>\n\n\n\n<p><strong>Elias Hirschl<\/strong>, 1994 in Wien geboren, ist Autor, Musiker, Slam Poet und schreibt f\u00fcr Theater und Radio. 2020 erhielt er den Reinhard-Priessnitz-Preis und 2022 den Publikumspreis des Bachmann-Wettbewerbs. Elias Hirschl ist Teil des Comedy-H\u00f6rspiel-Kollektivs \u201eDas magische Auge\u201c und der Post-Punk-Band \u201eEin Gespenst\u201c. Romane u.a.: \u00bbSalonf\u00e4hig\u00ab (2021), \u00bbContent\u00ab (2024) und zuletzt \u201eSchleifen\u201c (2026) im Zsolnay-Verlag.<\/p>\n\n\n\n<p><strong>Max H\u00f6fler, <\/strong>lebt und arbeitet als freier Schriftsteller in Graz. Germanistik-, Philosophie- und Kunstgeschichtestudium. Leiter des Forum Stadtpark Literaturreferats (2009-2017). Schreibt experimentelle und konzeptionelle Prosatexte. Musik als Lil Franz. Div. Preise und Stipendien: zuletzt Rotahorn-Literaturpreis 2024. Zuletzt erschienen:<em>Alles \u00fcber alles. <\/em>Ritter (2024). <a href=\"http:\/\/max.hoefler.mur.at\/\">http:\/\/max.hoefler.mur.at\/<\/a><\/p>\n\n\n\n<p>Gef\u00f6rdert durch das Bundesministerium f\u00fcr Kunst, Kultur, \u00f6ffentlicher Dienst und Sport, das Land Steiermark, und die Stadt Graz.<\/p>\n\n\n\n<p>Fotos: Christine Teichmann \u00a9 Martin Schneider\/ Elias Hirschl \u00a9 Zsolny\/Petra Weixelbraun \/ Max H\u00f6fler \u00a9 Garfield Trummer<\/p>\n","protected":false},"excerpt":{"rendered":"<p>Lesung und Gespr\u00e4ch mit Christine Teichmann, Elias Hirschl &amp; Max H\u00f6fler Am 6. [&hellip;]<\/p>\n","protected":false},"author":1,"featured_media":0,"parent":0,"menu_order":0,"comment_status":"closed","ping_status":"closed","template":"","meta":{"ngg_post_thumbnail":0,"footnotes":""},"class_list":["post-668","page","type-page","status-publish","hentry"],"_links":{"self":[{"href":"https:\/\/zusammenlesen.mur.at\/index.php\/wp-json\/wp\/v2\/pages\/668","targetHints":{"allow":["GET"]}}],"collection":[{"href":"https:\/\/zusammenlesen.mur.at\/index.php\/wp-json\/wp\/v2\/pages"}],"about":[{"href":"https:\/\/zusammenlesen.mur.at\/index.php\/wp-json\/wp\/v2\/types\/page"}],"author":[{"embeddable":true,"href":"https:\/\/zusammenlesen.mur.at\/index.php\/wp-json\/wp\/v2\/users\/1"}],"replies":[{"embeddable":true,"href":"https:\/\/zusammenlesen.mur.at\/index.php\/wp-json\/wp\/v2\/comments?post=668"}],"version-history":[{"count":1,"href":"https:\/\/zusammenlesen.mur.at\/index.php\/wp-json\/wp\/v2\/pages\/668\/revisions"}],"predecessor-version":[{"id":670,"href":"https:\/\/zusammenlesen.mur.at\/index.php\/wp-json\/wp\/v2\/pages\/668\/revisions\/670"}],"wp:attachment":[{"href":"https:\/\/zusammenlesen.mur.at\/index.php\/wp-json\/wp\/v2\/media?parent=668"}],"curies":[{"name":"wp","href":"https:\/\/api.w.org\/{rel}","templated":true}]}}