{"id":663,"date":"2026-04-07T11:03:16","date_gmt":"2026-04-07T11:03:16","guid":{"rendered":"https:\/\/zusammenlesen.mur.at\/?page_id=663"},"modified":"2026-04-07T11:03:16","modified_gmt":"2026-04-07T11:03:16","slug":"zl15-08-04-26","status":"publish","type":"page","link":"https:\/\/zusammenlesen.mur.at\/index.php\/zl15-08-04-26\/","title":{"rendered":"zl15: 08.04.26"},"content":{"rendered":"\n<p><b style=\"font-family: &quot;Times New Roman&quot;, serif; text-align: center; white-space: normal;\"><span style=\"color: rgb(5, 5, 5);\">Zusammen lesen #15<\/span><\/b><p class=\"MsoNormal\" style=\"margin: 0cm; font-size: medium; font-family: &quot;Times New Roman&quot;, serif; white-space: normal; line-height: 18.4px;\"><\/p><p class=\"MsoNormal\" style=\"margin: 0cm; font-size: medium; font-family: &quot;Times New Roman&quot;, serif; white-space: normal; line-height: 18.4px;\"><\/p><p class=\"MsoNormal\" style=\"margin: 0cm; font-size: medium; font-family: &quot;Times New Roman&quot;, serif; white-space: normal; line-height: 18.4px;\"><span style=\"color: rgb(5, 5, 5); background-color: rgb(255, 255, 255);\">\u00a0<\/span><\/p><p class=\"MsoNormal\" style=\"margin: 0cm; font-size: medium; font-family: &quot;Times New Roman&quot;, serif; white-space: normal; text-align: center; line-height: 18.4px;\" align=\"center\"><i><span style=\"color: rgb(5, 5, 5);\">Lesung und Gespr\u00e4ch mit<\/span><\/i><\/p><p class=\"MsoNormal\" align=\"center\" style=\"margin: 0cm; font-size: medium; font-family: &quot;Times New Roman&quot;, serif; white-space: normal; text-align: center; line-height: 18.4px;\"><span style=\"color: rgb(34, 34, 34);\">Mercedes Kornberger<\/span><\/p><p class=\"MsoNormal\" align=\"center\" style=\"margin: 0cm; font-size: medium; font-family: &quot;Times New Roman&quot;, serif; white-space: normal; text-align: center; line-height: 18.4px;\"><span style=\"color: rgb(34, 34, 34);\">Verena Kandler<\/span><\/p><p class=\"MsoNormal\" align=\"center\" style=\"margin: 0cm; font-size: medium; font-family: &quot;Times New Roman&quot;, serif; white-space: normal; text-align: center; line-height: 18.4px;\"><span style=\"color: rgb(34, 34, 34);\">&amp; Yannis Pagger<\/span><span style=\"color: rgb(5, 5, 5);\"><\/span><\/p><p class=\"MsoNormal\" style=\"margin: 0cm; font-size: medium; font-family: &quot;Times New Roman&quot;, serif; white-space: normal; line-height: 18.4px;\"><span style=\"color: rgb(5, 5, 5);\">\u00a0<\/span><\/p><p class=\"MsoNormal\" style=\"margin: 0cm; font-size: medium; font-family: &quot;Times New Roman&quot;, serif; white-space: normal; line-height: 18.4px;\"><span style=\"color: rgb(5, 5, 5);\">Am\u00a0<b>8. April um 20 Uhr\u00a0<\/b>geht es im\u00a0<b>Caf\u00e9 Wolf<\/b>\u00a0mit der Lesereihe \u201ezusammen lesen\u201c weiter. Dieses Mal begr\u00fc\u00dfen wir die Autor*innen Mercedes Kornberger, Yannis Pagger &amp; Verena Kandler.<\/span><\/p><p class=\"MsoNormal\" style=\"margin: 0cm; font-size: medium; font-family: &quot;Times New Roman&quot;, serif; white-space: normal; line-height: 18.4px;\"><span style=\"color: rgb(5, 5, 5);\">\u00a0<\/span><\/p><p class=\"MsoNormal\" style=\"margin: 0cm; font-size: medium; font-family: &quot;Times New Roman&quot;, serif; white-space: normal; line-height: 18.4px;\"><span style=\"color: rgb(5, 5, 5);\">Die Unabh\u00e4ngige Lesereihe \u201ezusammen lesen\u201c, die von Klaus Stoertebeker und Julia Kna\u00df organisiert und kuratiert wird, will in Graz einen Treffpunkt f\u00fcr an Gegenwartsliteratur interessierte Menschen schaffen. Literatur wird als soziale Praxis des Austauschs verstanden, weswegen im Format der Lesereihe Lesende zueinander in Beziehung gesetzt werden und in Resonanz mit dem Publikum treten wollen. Durch solidarisches Miteinander soll ein kollektiver Zusammenhang, ein Ort gemeinsamen Reflektierens, Vernetzens und Handelns entstehen.<\/span><\/p><p class=\"MsoNormal\" style=\"margin: 0cm; font-size: medium; font-family: &quot;Times New Roman&quot;, serif; white-space: normal; line-height: 18.4px;\"><span style=\"color: rgb(5, 5, 5);\">\u00a0<\/span><\/p><p class=\"MsoNormal\" style=\"margin: 0cm; font-size: medium; font-family: &quot;Times New Roman&quot;, serif; white-space: normal; line-height: 18.4px;\"><b><u><span style=\"color: rgb(5, 5, 5);\">Zu den Autor*innen<\/span><\/u><\/b><\/p><p class=\"MsoNormal\" style=\"margin: 0cm; font-size: medium; font-family: &quot;Times New Roman&quot;, serif; white-space: normal; line-height: 18.4px;\"><span style=\"color: rgb(5, 5, 5);\">\u00a0<\/span><\/p><p class=\"MsoNormal\" style=\"margin: 0cm 0cm 8pt; font-size: medium; font-family: &quot;Times New Roman&quot;, serif; white-space: normal; line-height: 18.4px;\"><b>Mercedes Kornberger<\/b>\u00a0(*1989) ist Autorin und Mitveranstalterin der Lesereihe \u201eBlumenmontag\u201c, die seit 2018 jeden letzten Montag im Monat im Caf\u00e9 Stadtbahn stattfindet. Aktuell arbeitet sie an ihrem Deb\u00fctroman und schlie\u00dft parallel ihr Studium der Vergleichenden Literaturwissenschaft ab. 2023 steuerte sie eine Gastgeschichte zu Barbi Markovi\u0107\u2019 \u201eMinihorror\u201c bei, erschienen im Residenz Verlag. F\u00fcr ihre Kurzgeschichte \u201eEine Selbstaufgabe\u201c erhielt sie 2024 den Anerkennungspreis des \u00d6sterreichischen Literaturpreises f\u00fcr Erz\u00e4hlungen; der Text erschien in der begleitenden Anthologie \u201eWorte bewegen\u201c.<\/p><p class=\"MsoNormal\" style=\"margin: 0cm; font-size: medium; font-family: &quot;Times New Roman&quot;, serif; white-space: normal;\"><o:p>\u00a0<\/o:p><\/p><p style=\"margin: 0cm; font-size: medium; font-family: &quot;Times New Roman&quot;, serif; white-space: normal; line-height: 18.4px;\"><span style=\"color: rgb(5, 5, 5);\">Verena Kandler (<\/span>*1995 in Graz.) Hat schon in Graz, Paris, Mostar, Wellington und<span class=\"apple-converted-space\">\u00a0<\/span>auf La R\u00e9union gelebt,<span class=\"apple-converted-space\">\u00a0<\/span>geschrieben<span class=\"apple-converted-space\">\u00a0<\/span>und gezeichnet.<span class=\"apple-converted-space\">\u00a0<\/span>Sie hat Gedichte,<span class=\"apple-converted-space\">\u00a0<\/span>Kurzgeschichten<span class=\"apple-converted-space\">\u00a0<\/span>und Illustrationen<span class=\"apple-converted-space\">\u00a0<\/span>in mehreren Zeitschriften (z.B.<span class=\"apple-converted-space\">\u00a0<\/span><span class=\"s3\"><i>mischen<\/i><\/span><span class=\"apple-converted-space\"><i>\u00a0<\/i><\/span>oder<span class=\"apple-converted-space\">\u00a0<\/span><span class=\"s3\"><i>&amp;Radieschen)<\/i><\/span><span class=\"apple-converted-space\">\u00a0<\/span>ver\u00f6ffentlicht und war 2020 unter den Top 10 des fm4 Kurzgeschichtenwettbewerbs Wortlaut mit der Kurzgeschichte \u201cDer Ausschlag\u201d. Neben dem Schreiben hat sie auch Germanistik und Anglistik\/Amerikanistik studiert und arbeitet als DaF\/DaZ-Trainerin<span class=\"apple-converted-space\">\u00a0<\/span>im In- und Ausland,<span class=\"apple-converted-space\">\u00a0<\/span>wo sie ihrer Liebe zur Sprache und zu Menschen innerhalb und au\u00dferhalb des Unterrichts nachgehen kann.<\/p><p style=\"margin: 0cm; font-size: medium; font-family: &quot;Times New Roman&quot;, serif; white-space: normal; line-height: 18.4px;\" class=\"MsoNormal\"><span style=\"color: rgb(35, 31, 32);\">\u00a0<\/span><\/p><p class=\"MsoNormal\" style=\"margin: 0cm; font-size: medium; font-family: &quot;Times New Roman&quot;, serif; white-space: normal; line-height: 18.4px;\"><b><span style=\"color: rgb(35, 31, 32);\">Yannis Pagger<\/span><\/b><span style=\"color: rgb(35, 31, 32);\">\u00a0(*2006) ist derzeit im Maturajahr an der Ortweinschule in Graz im Bereich Grafik und Kommunikationsdesign. Er lebt in Wagna und verbringt die Sommer in Griechenland bei der Familie seiner Mutter. Gerne setzt er sich mit unterschiedlichen k\u00fcnstlerischen Disziplinen auseinander, darunter Musik, Zeichnen sowie Schreiben und Komponieren. Er interessiert sich f\u00fcr die Strukturen, die die Welt ausmachen, und deren Manipulation. Sei es der Aufbau einer gesprochenen, einer musikalischen Sprache oder eines geschriebenen Codes, nichts macht er lieber als durch das Verstehen von Mustern neue Wissenswelten erschlie\u00dfen zu k\u00f6nnen, und etwas Sch\u00f6nes daraus zu machen. Als j\u00fcngerer Jugendlicher wurden seine Texte bei Jugendwettbewerben \u00f6fters ausgezeichnet. So erhielt er 2023 den ersten Platz sowohl beim Junior-Bachmannpreis Klagenfurt als auch beim Jugendliteraturwettberwerb \u201eTexte.Wien\u201c. Au\u00dferdem gewann ein von ihm und Mitsch\u00fclern gestaltetes Schaufenster den ersten Platz in der Sch\u00fclerkategorie beim Schaufensterwettbewerbs des Diagonale-Festivals Graz. Das Schaufenster hatte durchaus f\u00fcr Furore gesorgt und mediale Aufmerksamkeit auf sich gezogen \u2013 die h\u00f6chste Form der Auszeichnung f\u00fcr ein Kunstwerk! Nach dem Schulabschluss wird Yannis Pagger ein Jahr beim Roten Kreuz seinen Zivildienst ableisten. Was danach geschehen wird, ist h\u00f6chstens noch eine halbe Idee.<\/span><span style=\"color: rgb(5, 5, 5);\"><\/span><\/p><p class=\"MsoNormal\" style=\"margin: 0cm; font-size: medium; font-family: &quot;Times New Roman&quot;, serif; white-space: normal; line-height: 18.4px;\"><span style=\"color: rgb(5, 5, 5);\">\u00a0<\/span><\/p><p class=\"MsoNormal\" style=\"margin: 0cm; font-size: medium; font-family: &quot;Times New Roman&quot;, serif; white-space: normal; line-height: 18.4px;\"><span style=\"color: rgb(5, 5, 5);\">Gef\u00f6rdert durch das Bundesministerium f\u00fcr Kunst, Kultur, \u00f6ffentlicher Dienst und Sport, das Land Steiermark, und die Stadt Graz.<\/span><\/p><p class=\"MsoNormal\" style=\"margin: 0cm; font-size: medium; font-family: &quot;Times New Roman&quot;, serif; white-space: normal; line-height: 18.4px;\"><span style=\"color: rgb(5, 5, 5);\">\u00a0<\/span><\/p><p class=\"MsoNormal\" style=\"margin: 0cm; font-size: medium; font-family: &quot;Times New Roman&quot;, serif; white-space: normal; line-height: 18.4px;\"><span style=\"color: rgb(5, 5, 5);\">Fotos: Mercedes Kornberger \u00a9 J\u00f6rg St\u00f6ger \/ Verena Kandler \u00a9 privat \/ Yannis Pagger \u00a9 Yannis Pagger\u00a0<\/span><\/p><p class=\"MsoNormal\" style=\"margin: 0cm; font-size: medium; font-family: &quot;Times New Roman&quot;, serif; white-space: normal; line-height: 18.4px;\"><span style=\"background-color: rgb(255, 255, 255);\">\u00a0<\/span><\/p><\/p>\n","protected":false},"excerpt":{"rendered":"<p>Zusammen lesen #15 \u00a0 Lesung und Gespr\u00e4ch mit Mercedes Kornberger Verena Kandler &amp; [&hellip;]<\/p>\n","protected":false},"author":1,"featured_media":0,"parent":0,"menu_order":0,"comment_status":"closed","ping_status":"closed","template":"","meta":{"ngg_post_thumbnail":0,"footnotes":""},"class_list":["post-663","page","type-page","status-publish","hentry"],"_links":{"self":[{"href":"https:\/\/zusammenlesen.mur.at\/index.php\/wp-json\/wp\/v2\/pages\/663","targetHints":{"allow":["GET"]}}],"collection":[{"href":"https:\/\/zusammenlesen.mur.at\/index.php\/wp-json\/wp\/v2\/pages"}],"about":[{"href":"https:\/\/zusammenlesen.mur.at\/index.php\/wp-json\/wp\/v2\/types\/page"}],"author":[{"embeddable":true,"href":"https:\/\/zusammenlesen.mur.at\/index.php\/wp-json\/wp\/v2\/users\/1"}],"replies":[{"embeddable":true,"href":"https:\/\/zusammenlesen.mur.at\/index.php\/wp-json\/wp\/v2\/comments?post=663"}],"version-history":[{"count":1,"href":"https:\/\/zusammenlesen.mur.at\/index.php\/wp-json\/wp\/v2\/pages\/663\/revisions"}],"predecessor-version":[{"id":664,"href":"https:\/\/zusammenlesen.mur.at\/index.php\/wp-json\/wp\/v2\/pages\/663\/revisions\/664"}],"wp:attachment":[{"href":"https:\/\/zusammenlesen.mur.at\/index.php\/wp-json\/wp\/v2\/media?parent=663"}],"curies":[{"name":"wp","href":"https:\/\/api.w.org\/{rel}","templated":true}]}}