{"id":644,"date":"2026-01-27T07:58:14","date_gmt":"2026-01-27T07:58:14","guid":{"rendered":"https:\/\/zusammenlesen.mur.at\/?page_id=644"},"modified":"2026-01-27T07:58:14","modified_gmt":"2026-01-27T07:58:14","slug":"zl14-19-11-25-schnittstelle-literatur-bild","status":"publish","type":"page","link":"https:\/\/zusammenlesen.mur.at\/index.php\/zl14-19-11-25-schnittstelle-literatur-bild\/","title":{"rendered":"zl14: 19.11.25: Schnittstelle Literatur &amp; Bild"},"content":{"rendered":"\n<figure class=\"wp-block-image size-large\"><img loading=\"lazy\" decoding=\"async\" width=\"1024\" height=\"538\" src=\"https:\/\/zusammenlesen.mur.at\/wp-content\/uploads\/2026\/01\/header-zl14-1024x538.jpg\" alt=\"\" class=\"wp-image-645\" srcset=\"https:\/\/zusammenlesen.mur.at\/wp-content\/uploads\/2026\/01\/header-zl14-1024x538.jpg 1024w, https:\/\/zusammenlesen.mur.at\/wp-content\/uploads\/2026\/01\/header-zl14-300x158.jpg 300w, https:\/\/zusammenlesen.mur.at\/wp-content\/uploads\/2026\/01\/header-zl14-768x404.jpg 768w, https:\/\/zusammenlesen.mur.at\/wp-content\/uploads\/2026\/01\/header-zl14-1536x807.jpg 1536w, https:\/\/zusammenlesen.mur.at\/wp-content\/uploads\/2026\/01\/header-zl14-2048x1077.jpg 2048w\" sizes=\"auto, (max-width: 1024px) 100vw, 1024px\" \/><\/figure>\n\n\n\n<p><\/p>\n\n\n\n<p>Am <strong>Mittwoch, 19. November 2025 um 19 Uhr<\/strong> fand unsere Lesereihe im Bl\u00e4ttern (Gartengasse 28, Graz) statt. Und zwar die zweitenAusgabe unseres neuen Formats <em>Schnittpunkte<\/em>: \u201cLiteratur &amp; \u2026\u201d Dabei stellen wir intermediale Aspekte des Schreibens in den Mittelpunkt. Am 19. November ging es um \u201cLiteratur &amp; Bild\u201d. Die drei eingeladenen K\u00fcnstler*innen Kathrin Kloeckl Stand, Lisi Pressl &amp; Vinz Schwarzbauer sprachen mit uns \u00fcber ihre intermedialen Arbeiten.<\/p>\n\n\n\n<p><strong>Zu den Autor*innen:<\/strong><\/p>\n\n\n\n<p><strong>Kathrin Kloeckl Stan,<\/strong> geb. 1986 in Graz, ist bildende K\u00fcnstlerin mit Basis in Wien und im S\u00fcdburgenland und arbeitet in den Bereichen Zeichnung, Druckgrafik und Buchgestaltung. Studium der Vergleichenden Literaturwissenschaft an der Universit\u00e4t Wien, mit Schwerpunkt auf Intermedialit\u00e4t zwischen bildender Kunst und Literatur, sowie Post Graduate Lehrgang Buchgestaltung an der NDU bei Gabriele Lenz. Ihre Arbeiten wurden in den letzten Jahren in B\u00fcchern und Magazinen publiziert und in Ausstellungen gezeigt. Daneben T\u00e4tigkeit als Bibliothekarin f\u00fcr die Stadt Wien &#8211; B\u00fcchereien. Zuletzt erschienen u.a.: das ZINE wurmtreiben (2024), sowie das Cover f\u00fcr Ka\u015bka Brylas Roman \u201emein vater, der gulag, die kr\u00e4he und ich\u201c (2025).<strong><\/strong><\/p>\n\n\n\n<p><strong>Lisi Pressl <\/strong>lebt und arbeitet in Hamburg als freischaffende K\u00fcnstlerin. Sie ist Mitbegr\u00fcnderin des Druckkollektivs Risofort sowie des Mikro-Verlag SofortBooks. Nach Kurz-Comics wie etwa &#8220;Friction&#8221; und &#8220;Doom&#8221; sowie einer Vielzahl selbst-verlegter Zines ist &#8220;Bald nach der R\u00fcckkehr&#8221; ihr erstes l\u00e4ngeres Comic-Projekt, das vom famili\u00e4ren Erz\u00e4hlen \u00fcber Faschismus, NS und Suizid handelt.<\/p>\n\n\n\n<p><strong>Vinz Schwarzbauer<\/strong> studierte Bildende Kunst in Wien und Hamburg. Er arbeitet als Comiczeichner und Illustrator und war \u00fcber zw\u00f6lf Jahre lang Mitherausgeber des Magazins f\u00fcr narrative Zeichnung&nbsp;<em>Franz the Lonely Austrionaut<\/em>. Seit 2022 ist er Mitglied des Leitungsteams der KABINETTcomicpassage im MuseumsQuartier Wien. Als Illustrator war er unter anderem f\u00fcr die Stadtzeitung&nbsp;<em>Falter<\/em>, das&nbsp;<em>Jacobin Magazin<\/em>, das&nbsp;<em>Datum Magazin<\/em>&nbsp;sowie das&nbsp;<em>Burgtheater Wien<\/em>&nbsp;t\u00e4tig. Im April 2023 erschien bei Edition Moderne sein Graphic-Novel-Deb\u00fct&nbsp;<em>M\u00e4ander<\/em>. Kurzcomics von ihm wurden in&nbsp;<em>Franz the Lonely Austrionaut<\/em>,&nbsp;<em>Schn\u00f6sel M\u00f6sel<\/em>,&nbsp;<em>Spross<\/em>&nbsp;sowie im Eigenverlag ver\u00f6ffentlicht.<\/p>\n\n\n\n<p>Gef\u00f6rdert durch das Bundesministerium f\u00fcr Kunst, Kultur, \u00f6ffentlicher Dienst und Sport, das Land Steiermark, und die Stadt Graz.<\/p>\n\n\n\n<p><strong>Fotos:<\/strong><\/p>\n\n\n\n<p>Kathrin Kloeckl Stan \u00a9 privat<\/p>\n\n\n\n<p>Elisabeth Pressl \u00a9 privat<\/p>\n\n\n\n<p>Vinz Schwarzbauer \u00a9 Fabian Leitgeb<\/p>\n","protected":false},"excerpt":{"rendered":"<p>Am Mittwoch, 19. November 2025 um 19 Uhr fand unsere Lesereihe im Bl\u00e4ttern [&hellip;]<\/p>\n","protected":false},"author":1,"featured_media":0,"parent":0,"menu_order":0,"comment_status":"closed","ping_status":"closed","template":"","meta":{"ngg_post_thumbnail":0,"footnotes":""},"class_list":["post-644","page","type-page","status-publish","hentry"],"_links":{"self":[{"href":"https:\/\/zusammenlesen.mur.at\/index.php\/wp-json\/wp\/v2\/pages\/644","targetHints":{"allow":["GET"]}}],"collection":[{"href":"https:\/\/zusammenlesen.mur.at\/index.php\/wp-json\/wp\/v2\/pages"}],"about":[{"href":"https:\/\/zusammenlesen.mur.at\/index.php\/wp-json\/wp\/v2\/types\/page"}],"author":[{"embeddable":true,"href":"https:\/\/zusammenlesen.mur.at\/index.php\/wp-json\/wp\/v2\/users\/1"}],"replies":[{"embeddable":true,"href":"https:\/\/zusammenlesen.mur.at\/index.php\/wp-json\/wp\/v2\/comments?post=644"}],"version-history":[{"count":1,"href":"https:\/\/zusammenlesen.mur.at\/index.php\/wp-json\/wp\/v2\/pages\/644\/revisions"}],"predecessor-version":[{"id":646,"href":"https:\/\/zusammenlesen.mur.at\/index.php\/wp-json\/wp\/v2\/pages\/644\/revisions\/646"}],"wp:attachment":[{"href":"https:\/\/zusammenlesen.mur.at\/index.php\/wp-json\/wp\/v2\/media?parent=644"}],"curies":[{"name":"wp","href":"https:\/\/api.w.org\/{rel}","templated":true}]}}