{"id":638,"date":"2026-01-27T07:53:23","date_gmt":"2026-01-27T07:53:23","guid":{"rendered":"https:\/\/zusammenlesen.mur.at\/?page_id=638"},"modified":"2026-01-27T07:55:06","modified_gmt":"2026-01-27T07:55:06","slug":"zl13-23-09-25","status":"publish","type":"page","link":"https:\/\/zusammenlesen.mur.at\/index.php\/zl13-23-09-25\/","title":{"rendered":"zl13: 23.09.25"},"content":{"rendered":"\n<p><em>Lesung und Gespr\u00e4ch mit<\/em><\/p>\n\n\n\n<p>Muhammed Dumanli,<br>Romina Nikoli\u0107<br>&amp; Mira Magdalena Sickinger<\/p>\n\n\n\n<figure class=\"wp-block-image size-full\"><img loading=\"lazy\" decoding=\"async\" width=\"22299\" height=\"11717\" src=\"https:\/\/zusammenlesen.mur.at\/wp-content\/uploads\/2026\/01\/header-zl13.jpg\" alt=\"\" class=\"wp-image-641\"\/><\/figure>\n\n\n\n<p>Am <strong>Dienstag, 23. September 2025 um 19 Uhr<\/strong> fand die Lesreihe im Kunst Klub Kr\u00e4ftner mit den Autor*innen Muhammed Dumanli, Romina Nikoli\u0107 und Mira Magdalena Sickinger statt. <\/p>\n\n\n\n<p><strong>Zu den Autor*innen:<\/strong><\/p>\n\n\n\n<p><strong>Muhammed Dumanli <\/strong>wurde am 14. Oktober 2002 in einem kurdischen Dorf in Anatolien geboren und lebt in Graz. 2022 wurde er U20-\u00d6sterreichmeister im Poetry Slam. Er ist Spoken Word Artist, Lyriker, Workshopleiter und Moderator.<\/p>\n\n\n\n<p><strong>Romina Nikoli\u0107<\/strong> wurde in Suhl geboren und wuchs im th\u00fcringischen Sch\u00f6nbrunn auf. Nach einem Literaturwissenschafts- und Philosophiestudium lebt und arbeitet sie als Herausgeberin, Projektmanagerin der Literaturburg Ranis und \u00dcbersetzerin in Jena. F\u00fcr ihre (lyrische) Arbeit erhielt sie zahlreiche Auszeichnungen. So wurde sie 2024 mit dem F\u00f6rderpreis der Anke-Bennholdt-Thomsen-Stiftung pr\u00e4miert. 2012 erhielt sie das Walter-Dexel-Stipendium der Stadt Jena, sp\u00e4ter ein Arbeitsstipendium des Th\u00fcringer Ministeriums f\u00fcr Bildung, Wissenschaft und Kultur und zuletzt das Gisela-Scherer-Stipendium der Stadt Hausach f\u00fcr Lyrik. Sie ist Librettistin der Opern &#8220;MUTTER&#8221; &amp; \u201cControl\u201d von Giordano Bruno do Nascimento. 2023 ver\u00f6ffentlichte sie ihr Lyrikdeb\u00fct &#8220;Unterholz&#8221; in der Edition Muschelkalk. 2025 ist ihre Erz\u00e4hlung &#8220;Litanei der Leichtigkeit, in der du&#8211;&#8221; bei Sukultur erschienen.<\/p>\n\n\n\n<p><strong>Mira Magdalena&nbsp;Sickinger<\/strong>&nbsp;ist Autorin und Lektorin am Philosophieinstitut der Universit\u00e4t Wien. Sie forscht und publiziert in den Bereichen der Sprachphilosophie, \u00c4sthetik und Erkenntnistheorie, mit Spezialisierung auf Humortheorie. Herausgeberschaften und Ver\u00f6ffentlichungen von\/in philosophischen Sammelb\u00e4nden und Fachzeitschriften (<em>Grazer Philosophische Studien, Kriterion \u2013 Journal of Philosophy, The Philosophy of Humor Yearbook<\/em>). Ver\u00f6ffentlichungen in Literaturzeitschriften, u.a.&nbsp;<em>Lichtungen, perspektive<\/em>. Sickingers Lyrikdeb\u00fct&nbsp;<em>F\u00fcr euch vergossen. poesophie<\/em>&nbsp;ist 2024 bei Klever erschienen.&nbsp;<a href=\"https:\/\/www.miramagdalenasickinger.com\" target=\"_blank\" rel=\"noreferrer noopener\">https:\/\/www.miramagdalenasickinger.com<\/a><\/p>\n\n\n\n<p>Gef\u00f6rdert durch das Bundesministerium f\u00fcr Kunst, Kultur, \u00f6ffentlicher Dienst und Sport, das Land Steiermark, und die Stadt Graz.<\/p>\n\n\n\n<p><strong>Fotos:<\/strong><\/p>\n\n\n\n<p>Muhammed Dumanli\u00a9 Sebastian Neugebauer<\/p>\n\n\n\n<p>Romina Nikoli\u0107 \u00a9 &nbsp;Sprachsalz\/Yves Noir<\/p>\n\n\n\n<p>Mira Magdalena Sickinger \u00a9 El Menges<\/p>\n","protected":false},"excerpt":{"rendered":"<p>Lesung und Gespr\u00e4ch mit Muhammed Dumanli,Romina Nikoli\u0107&amp; Mira Magdalena Sickinger Am Dienstag, 23. [&hellip;]<\/p>\n","protected":false},"author":1,"featured_media":0,"parent":0,"menu_order":0,"comment_status":"closed","ping_status":"closed","template":"","meta":{"ngg_post_thumbnail":0,"footnotes":""},"class_list":["post-638","page","type-page","status-publish","hentry"],"_links":{"self":[{"href":"https:\/\/zusammenlesen.mur.at\/index.php\/wp-json\/wp\/v2\/pages\/638","targetHints":{"allow":["GET"]}}],"collection":[{"href":"https:\/\/zusammenlesen.mur.at\/index.php\/wp-json\/wp\/v2\/pages"}],"about":[{"href":"https:\/\/zusammenlesen.mur.at\/index.php\/wp-json\/wp\/v2\/types\/page"}],"author":[{"embeddable":true,"href":"https:\/\/zusammenlesen.mur.at\/index.php\/wp-json\/wp\/v2\/users\/1"}],"replies":[{"embeddable":true,"href":"https:\/\/zusammenlesen.mur.at\/index.php\/wp-json\/wp\/v2\/comments?post=638"}],"version-history":[{"count":3,"href":"https:\/\/zusammenlesen.mur.at\/index.php\/wp-json\/wp\/v2\/pages\/638\/revisions"}],"predecessor-version":[{"id":642,"href":"https:\/\/zusammenlesen.mur.at\/index.php\/wp-json\/wp\/v2\/pages\/638\/revisions\/642"}],"wp:attachment":[{"href":"https:\/\/zusammenlesen.mur.at\/index.php\/wp-json\/wp\/v2\/media?parent=638"}],"curies":[{"name":"wp","href":"https:\/\/api.w.org\/{rel}","templated":true}]}}