{"id":45,"date":"2023-09-19T13:31:35","date_gmt":"2023-09-19T13:31:35","guid":{"rendered":"https:\/\/zusammenlesen.mur.at\/?page_id=45"},"modified":"2025-12-03T16:09:37","modified_gmt":"2025-12-03T16:09:37","slug":"kontakt","status":"publish","type":"page","link":"https:\/\/zusammenlesen.mur.at\/index.php\/kontakt\/","title":{"rendered":"Kontakt"},"content":{"rendered":"\n<p>Ihr habt Fragen an uns oder Vorschl\u00e4ge? Meldet euch gerne unter<\/p>\n\n\n\n<p>redaktion@zusammenlesen.mur.at <\/p>\n\n\n\n<p><\/p>\n\n\n\n<p><\/p>\n\n\n\n<p>Gef\u00f6rdert durch das Bundesministerium f\u00fcr Kunst, Kultur, \u00f6ffentlicher Dienst und Sport, das Land Steiermark, und die Stadt Graz.<\/p>\n\n\n\n<p><img loading=\"lazy\" decoding=\"async\" width=\"150\" height=\"96\" class=\"wp-image-33\" style=\"width: 150px;\" src=\"https:\/\/zusammenlesen.mur.at\/wp-content\/uploads\/2023\/09\/A9_Kultur_Europa_Sport_SW-1.jpg\" alt=\"\" srcset=\"https:\/\/zusammenlesen.mur.at\/wp-content\/uploads\/2023\/09\/A9_Kultur_Europa_Sport_SW-1.jpg 1654w, https:\/\/zusammenlesen.mur.at\/wp-content\/uploads\/2023\/09\/A9_Kultur_Europa_Sport_SW-1-300x193.jpg 300w, https:\/\/zusammenlesen.mur.at\/wp-content\/uploads\/2023\/09\/A9_Kultur_Europa_Sport_SW-1-1024x658.jpg 1024w, https:\/\/zusammenlesen.mur.at\/wp-content\/uploads\/2023\/09\/A9_Kultur_Europa_Sport_SW-1-768x494.jpg 768w, https:\/\/zusammenlesen.mur.at\/wp-content\/uploads\/2023\/09\/A9_Kultur_Europa_Sport_SW-1-1536x987.jpg 1536w\" sizes=\"auto, (max-width: 150px) 100vw, 150px\" \/><img loading=\"lazy\" decoding=\"async\" width=\"150\" height=\"41\" class=\"wp-image-28\" style=\"width: 150px;\" src=\"https:\/\/zusammenlesen.mur.at\/wp-content\/uploads\/2023\/09\/GRAZ_strich_schwarz_jpg.jpg\" alt=\"\" srcset=\"https:\/\/zusammenlesen.mur.at\/wp-content\/uploads\/2023\/09\/GRAZ_strich_schwarz_jpg.jpg 639w, https:\/\/zusammenlesen.mur.at\/wp-content\/uploads\/2023\/09\/GRAZ_strich_schwarz_jpg-300x83.jpg 300w\" sizes=\"auto, (max-width: 150px) 100vw, 150px\" \/><img loading=\"lazy\" decoding=\"async\" width=\"150\" height=\"40\" class=\"wp-image-29\" style=\"width: 150px;\" src=\"https:\/\/zusammenlesen.mur.at\/wp-content\/uploads\/2023\/09\/BMKOES_Logo_schwarz.jpg\" alt=\"\" srcset=\"https:\/\/zusammenlesen.mur.at\/wp-content\/uploads\/2023\/09\/BMKOES_Logo_schwarz.jpg 1723w, https:\/\/zusammenlesen.mur.at\/wp-content\/uploads\/2023\/09\/BMKOES_Logo_schwarz-300x81.jpg 300w, https:\/\/zusammenlesen.mur.at\/wp-content\/uploads\/2023\/09\/BMKOES_Logo_schwarz-1024x275.jpg 1024w, https:\/\/zusammenlesen.mur.at\/wp-content\/uploads\/2023\/09\/BMKOES_Logo_schwarz-768x206.jpg 768w, https:\/\/zusammenlesen.mur.at\/wp-content\/uploads\/2023\/09\/BMKOES_Logo_schwarz-1536x413.jpg 1536w\" sizes=\"auto, (max-width: 150px) 100vw, 150px\" \/><br><\/p>\n","protected":false},"excerpt":{"rendered":"<p>Ihr habt Fragen an uns oder Vorschl\u00e4ge? Meldet euch gerne unter redaktion@zusammenlesen.mur.at Gef\u00f6rdert [&hellip;]<\/p>\n","protected":false},"author":1,"featured_media":0,"parent":0,"menu_order":0,"comment_status":"closed","ping_status":"closed","template":"","meta":{"ngg_post_thumbnail":0,"footnotes":""},"class_list":["post-45","page","type-page","status-publish","hentry"],"_links":{"self":[{"href":"https:\/\/zusammenlesen.mur.at\/index.php\/wp-json\/wp\/v2\/pages\/45","targetHints":{"allow":["GET"]}}],"collection":[{"href":"https:\/\/zusammenlesen.mur.at\/index.php\/wp-json\/wp\/v2\/pages"}],"about":[{"href":"https:\/\/zusammenlesen.mur.at\/index.php\/wp-json\/wp\/v2\/types\/page"}],"author":[{"embeddable":true,"href":"https:\/\/zusammenlesen.mur.at\/index.php\/wp-json\/wp\/v2\/users\/1"}],"replies":[{"embeddable":true,"href":"https:\/\/zusammenlesen.mur.at\/index.php\/wp-json\/wp\/v2\/comments?post=45"}],"version-history":[{"count":2,"href":"https:\/\/zusammenlesen.mur.at\/index.php\/wp-json\/wp\/v2\/pages\/45\/revisions"}],"predecessor-version":[{"id":383,"href":"https:\/\/zusammenlesen.mur.at\/index.php\/wp-json\/wp\/v2\/pages\/45\/revisions\/383"}],"wp:attachment":[{"href":"https:\/\/zusammenlesen.mur.at\/index.php\/wp-json\/wp\/v2\/media?parent=45"}],"curies":[{"name":"wp","href":"https:\/\/api.w.org\/{rel}","templated":true}]}}