{"id":42,"date":"2023-09-18T16:58:51","date_gmt":"2023-09-18T16:58:51","guid":{"rendered":"https:\/\/zusammenlesen.mur.at\/?page_id=42"},"modified":"2024-06-07T08:12:30","modified_gmt":"2024-06-07T08:12:30","slug":"zusammen-lesen-1","status":"publish","type":"page","link":"https:\/\/zusammenlesen.mur.at\/index.php\/termine\/zusammen-lesen-1\/","title":{"rendered":"zl #1: 08.09.22"},"content":{"rendered":"\n<p><\/p>\n\n\n\n<figure class=\"wp-block-image size-full is-style-default\"><img loading=\"lazy\" decoding=\"async\" width=\"11150\" height=\"5858\" src=\"https:\/\/zusammenlesen.mur.at\/wp-content\/uploads\/2023\/09\/header-gespenster3-1.jpg\" alt=\"\" class=\"wp-image-89\"\/><\/figure>\n\n\n\n<p>Am Donnerstag, dem 8. September 2022, fand im Caf\u00e9 Kaiserfeld die erste Lesung der Lesereihe \u201ezusammen lesen\u201c mit den Autor*innen Abelina Holzer, Florian Kutej und Michelle-Francine Ulz statt.<\/p>\n\n\n\n<p><strong>Zu den Autor*innen:<\/strong><\/p>\n\n\n\n<p>Abelina Holzer lebt und werkelt in Graz. Sie arbeitet im Bereich der politischen Bildung, leitet kreative Schreibworkshops und ist Mitglied der multilingualen Autor*innen- Gruppe WORTLABOR. Ihre Gedichte wurden erstmals im Fr\u00fchjahr 2022 in den Lichtungen ver\u00f6ffentlicht. Das Schreiben lyrischer Texte begleitet sie seit ihrer Jugend.<br><a rel=\"noreferrer noopener\" href=\"https:\/\/lichtungen.at\/leseproben\/gedichte\/?fbclid=IwAR1lndY3J22ZMesTkrG6FeaIZd_9Ue9sc6m0EFXrtjSB2pV4vftGNb77Lcg\" target=\"_blank\">https:\/\/lichtungen.at\/leseproben\/gedichte\/<\/a><\/p>\n\n\n\n<p>Florian Kutej, 1990 in Klagenfurt geboren und zum Germanistikstudium nach Graz verzogen, lebt, liest und arbeitet immer noch dort, vermisst nur gelegentlich die Seen<\/p>\n\n\n\n<p>Michelle-Francine Ulz befestigt sich selbst an W\u00e4scheleinen und verwechselt M\u00e4nner mit Zigaretten. Sie ver\u00f6ffentlicht Textminiaturen ua. auf Instagram unter @_nobodyswife__<\/p>\n\n\n\nngg_shortcode_0_placeholder\n\n\n\n<p>Fotos: (c) Corinna Rettenegger<\/p>\n","protected":false},"excerpt":{"rendered":"<p>Am Donnerstag, dem 8. September 2022, fand im Caf\u00e9 Kaiserfeld die erste Lesung [&hellip;]<\/p>\n","protected":false},"author":1,"featured_media":0,"parent":17,"menu_order":0,"comment_status":"closed","ping_status":"closed","template":"","meta":{"ngg_post_thumbnail":0,"footnotes":""},"class_list":["post-42","page","type-page","status-publish","hentry"],"_links":{"self":[{"href":"https:\/\/zusammenlesen.mur.at\/index.php\/wp-json\/wp\/v2\/pages\/42","targetHints":{"allow":["GET"]}}],"collection":[{"href":"https:\/\/zusammenlesen.mur.at\/index.php\/wp-json\/wp\/v2\/pages"}],"about":[{"href":"https:\/\/zusammenlesen.mur.at\/index.php\/wp-json\/wp\/v2\/types\/page"}],"author":[{"embeddable":true,"href":"https:\/\/zusammenlesen.mur.at\/index.php\/wp-json\/wp\/v2\/users\/1"}],"replies":[{"embeddable":true,"href":"https:\/\/zusammenlesen.mur.at\/index.php\/wp-json\/wp\/v2\/comments?post=42"}],"version-history":[{"count":11,"href":"https:\/\/zusammenlesen.mur.at\/index.php\/wp-json\/wp\/v2\/pages\/42\/revisions"}],"predecessor-version":[{"id":286,"href":"https:\/\/zusammenlesen.mur.at\/index.php\/wp-json\/wp\/v2\/pages\/42\/revisions\/286"}],"up":[{"embeddable":true,"href":"https:\/\/zusammenlesen.mur.at\/index.php\/wp-json\/wp\/v2\/pages\/17"}],"wp:attachment":[{"href":"https:\/\/zusammenlesen.mur.at\/index.php\/wp-json\/wp\/v2\/media?parent=42"}],"curies":[{"name":"wp","href":"https:\/\/api.w.org\/{rel}","templated":true}]}}