{"id":324,"date":"2025-01-14T14:56:48","date_gmt":"2025-01-14T14:56:48","guid":{"rendered":"https:\/\/zusammenlesen.mur.at\/?page_id=324"},"modified":"2025-12-03T15:57:43","modified_gmt":"2025-12-03T15:57:43","slug":"zl-9-18-09-24","status":"publish","type":"page","link":"https:\/\/zusammenlesen.mur.at\/index.php\/termine\/zl-9-18-09-24\/","title":{"rendered":"zl #9: 18.09.24"},"content":{"rendered":"\n<p><\/p>\n\n\n\n<p>Am Mittwoch, 18. September um 19.30 Uhr ging es im Caf\u00e9 Kaiserfeld mit der Lesereihe \u201ezusammen lesen\u201c weiter. Dieses Mal begr\u00fc\u00dften wir die Autor*innen Cordula Simon, Michelle-Francine Ulz und Helene Proi\u00dfl.<\/p>\n\n\n\n<p><strong>Zu den Autor*innen:<\/strong><\/p>\n\n\n\n<p>CORDULA SIMON, geb. 27.3.1986 in Graz, bis 2011 Studium der deutschen und russischen Philologie sowie Gender Studies in Graz und Odessa und schreibt und ist t\u00e4tig f\u00fcr die Jugend-Literatur-Werkstatt Graz, ACIPSS und Bestattung Pius. Zahlreiche literarische und wissenschaftliche Ver\u00f6ffentlichungen, Preise und Stipendien. Zuletzt erschienen: Mondk\u00e4lber (Roman, Septime 2024) und Politische Korrektheit, Wissenschaft und Wunschdenken (Open Access, Westend 2024).<\/p>\n\n\n\n<p>MICHELLE-FRANCINE ULZ (*1995) gibt vor, in Graz zu leben und zu arbeiten. Ihr Kopf und ihr K\u00f6rper f\u00fchren ein getrenntes Eigenleben, die M\u00e4nner trinken Bier aus dem Bauchnabel, die Lage ist hoffnungslos, nichts hat sch\u00f6n geprickelt &#8211; dar\u00fcber schreibt sie.&nbsp;<\/p>\n\n\n\n<p>HELENE PROISSL, they, geb. 1996, arbeitet und lebt in Wien als freie Schriftsteller*in und Performer*in. Redaktionsmitglied bei der Literaturzeitschrift process*in und freie Redakteur*in bei DerStandard. Organisation von Literaturevents in \u00d6sterreich und Deutschland und Teilnahme an Lesungen und Diskussionsreihen: zuletzt (2024) Gl\u00e4serne Texte Sommerfest, Blumenmontag Lyrik Special Ver\u00f6ffentlichungen in Zeitschriften und Anthologien: zuletzt (2023) in Gl\u00e4sern und Gl\u00e4nzen, lex liszt<br>Aktuell im Master Sprachkunst an der Universit\u00e4t f\u00fcr Angewandte Kunst Wien.<\/p>\n\n\n\n<p>Gef\u00f6rdert durch das Bundesministerium f\u00fcr Kunst, Kultur, \u00f6ffentlicher Dienst und Sport, das Land Steiermark, und die Stadt Graz.<\/p>\n\n\n\n<p>Fotos:<br>Michelle-Francine Ulz \u00a9 Sarah Tascha Hauber<br>Helene Proi\u00dfl \u00a9 El Menges<\/p>\n","protected":false},"excerpt":{"rendered":"<p>Am Mittwoch, 18. September um 19.30 Uhr ging es im Caf\u00e9 Kaiserfeld mit [&hellip;]<\/p>\n","protected":false},"author":1,"featured_media":0,"parent":17,"menu_order":0,"comment_status":"closed","ping_status":"closed","template":"","meta":{"ngg_post_thumbnail":0,"footnotes":""},"class_list":["post-324","page","type-page","status-publish","hentry"],"_links":{"self":[{"href":"https:\/\/zusammenlesen.mur.at\/index.php\/wp-json\/wp\/v2\/pages\/324","targetHints":{"allow":["GET"]}}],"collection":[{"href":"https:\/\/zusammenlesen.mur.at\/index.php\/wp-json\/wp\/v2\/pages"}],"about":[{"href":"https:\/\/zusammenlesen.mur.at\/index.php\/wp-json\/wp\/v2\/types\/page"}],"author":[{"embeddable":true,"href":"https:\/\/zusammenlesen.mur.at\/index.php\/wp-json\/wp\/v2\/users\/1"}],"replies":[{"embeddable":true,"href":"https:\/\/zusammenlesen.mur.at\/index.php\/wp-json\/wp\/v2\/comments?post=324"}],"version-history":[{"count":2,"href":"https:\/\/zusammenlesen.mur.at\/index.php\/wp-json\/wp\/v2\/pages\/324\/revisions"}],"predecessor-version":[{"id":327,"href":"https:\/\/zusammenlesen.mur.at\/index.php\/wp-json\/wp\/v2\/pages\/324\/revisions\/327"}],"up":[{"embeddable":true,"href":"https:\/\/zusammenlesen.mur.at\/index.php\/wp-json\/wp\/v2\/pages\/17"}],"wp:attachment":[{"href":"https:\/\/zusammenlesen.mur.at\/index.php\/wp-json\/wp\/v2\/media?parent=324"}],"curies":[{"name":"wp","href":"https:\/\/api.w.org\/{rel}","templated":true}]}}