{"id":311,"date":"2024-11-04T14:31:51","date_gmt":"2024-11-04T14:31:51","guid":{"rendered":"https:\/\/zusammenlesen.mur.at\/?page_id=311"},"modified":"2025-12-03T12:55:12","modified_gmt":"2025-12-03T12:55:12","slug":"zl-10","status":"publish","type":"page","link":"https:\/\/zusammenlesen.mur.at\/index.php\/termine\/zl-10\/","title":{"rendered":"zl #10: 13.11.24"},"content":{"rendered":"\n<p class=\"has-text-align-center\"><strong>Die Unabh\u00e4ngige Lesereihe\u00a0<br><em>zusammen lesen<\/em>\u00a0feiert<\/strong>e<\/p>\n\n\n\n<p class=\"has-text-align-center\"><strong>die 10. Ausgabe<\/strong><\/p>\n\n\n\n<figure class=\"wp-block-image\"><img decoding=\"async\" src=\"blob:https:\/\/zusammenlesen.mur.at\/67ecffc8-473b-4812-ac95-ed9b6e862a3b\" alt=\"Ein Bild, das Kleidung, Person, Menschliches Gesicht, L\u00e4cheln enth\u00e4lt.\n\nAutomatisch generierte Beschreibung\"\/><\/figure>\n\n\n\n<p><em>Lesung und Gespr\u00e4ch mit<\/em><\/p>\n\n\n\n<p>Mario Schemmerl&nbsp;<\/p>\n\n\n\n<p>Lisa Krusche<\/p>\n\n\n\n<p>&amp; Stephan Roiss<\/p>\n\n\n\n<p>Am\u00a0<strong>Mittwoch, 13. November 2024 um 19 Uhr<\/strong>\u00a0ging es im Caf\u00e9 Kaiserfeld mit der Lesereihe \u201ezusammen lesen\u201c weiter. Dieses Mal begr\u00fc\u00dften wir die Autor*innen Mario Schemmerl, Lisa Krusche und Stephan Roiss.\u00a0<\/p>\n\n\n\n<p>Zugleich feierten wir mit dieser Ausgabe unser erstes kleines Jubil\u00e4um:\u00a0<strong><em>zusammen lesen<\/em><\/strong>\u00a0ging in die zehnte Ausgabe.<\/p>\n\n\n\n<p>Die Unabh\u00e4ngige Lesereihe \u201ezusammen lesen\u201c, die von Klaus Stoertebeker und Julia Kna\u00df organisiert und kuratiert wird, will in Graz einen Treffpunkt f\u00fcr an Gegenwartsliteratur interessierte Menschen schaffen. Literatur wird als soziale Praxis des Austauschs verstanden, weswegen im Format der Lesereihe Lesende zueinander in Beziehung gesetzt werden und in Resonanz mit dem Publikum treten wollen. Durch solidarisches Miteinander soll ein kollektiver Zusammenhang, ein Ort gemeinsamen Reflektierens, Vernetzens und Handelns entstehen.<\/p>\n\n\n\n<p><strong>Zu den Autor*innen:<\/strong><\/p>\n\n\n\n<p><strong>MARIO SCHEMMERL,<\/strong>&nbsp;1987 in Graz geboren, hat einen handwerklichen Beruf erlernt, seit 2009 in der Pflege. Leondinger Literatur Akademie 2022\/23. Finalist 31. open mike. Shortlist FM4 Wortlaut 2023. Zuletzt bekam er mit seinem derzeitigen Romanprojekt \u201eAm Sonnenhof\u201c mehrere Stipendien: Arbeitsstipendium J\u00e4nner 2024 des BMK\u00d6S, Projektstipendium f\u00fcr Literatur des BMK\u00d6S 2024\/25. Stipendium der Bayerischen Akademie des Schreibens 2024\/25 (Teilnehmer der Romanwerkstatt \u201eDie gro\u00dfe Tour 24\/25\u201c). Erhielt den Literaturf\u00f6rderpreis der Stadt Graz 2024.<\/p>\n\n\n\n<p><strong>LISA KRUSCHE<\/strong>&nbsp;(*1990 in Hildesheim) lebt als freie Schriftstellerin in Braunschweig. Sie schreibt f\u00fcr Kinder, Jugendlich und Erwachsene. 2021 erschienen ihre Roman Unsere anarchistischen Herzen und Das Universum ist verdammt gro\u00df und super mystisch. F\u00fcr ihre Arbeit wurde Lisa Krusche mehrfach ausgezeichnet, unter anderem mit dem Deutschlandfunk-Preis bei den 44. Tagen der deutschsprachigen Literatur in Klagenfurt (2020), dem Kranichsteiner-Kinderliteraturstipendium (2022) sowie dem Premio Strega Ragazze e Ragazzi in der Kategorie Deb\u00fctroman (2023). Zuletzt erschienen ihr Roman Wie der seltsamste Traum und Die Anrufung der Riesin (gemeinsam mit Jenny Sch\u00e4fer).<\/p>\n\n\n\n<p><strong>STEPHAN ROISS<\/strong>,&nbsp;*1983, lebt in Linz und unterwegs als freier Autor und Musiker (\u00c4ffchen &amp; Craigs, Fang den Berg, MULM, Kassa 4). Seine H\u00f6rspiele wurden u.a. via SWR und Deutschlandradio Kultur ausgestrahlt. Sein Deb\u00fctroman \u00bbTriceratops\u00ab (2020) stand auf der Longlist des Deutschen Buchpreises, sein zweiter Roman \u00bbLauter\u00ab (2024) war f\u00fcr die Hotlist und den \u00d6sterreichischen Buchpreis nominiert.&nbsp;<a href=\"http:\/\/www.stephanroiss.at\/\" target=\"_blank\" rel=\"noreferrer noopener\">www.stephanroiss.at<\/a><\/p>\n\n\n\n<p>Gef\u00f6rdert durch das Bundesministerium f\u00fcr Kunst, Kultur, \u00f6ffentlicher Dienst und Sport, das Land Steiermark, und die Stadt Graz.<\/p>\n\n\n\n<p><strong>Fotos:<\/strong><br>Mario Schemmerl \u00a9 Raphael Sperl&nbsp;<\/p>\n\n\n\n<p>Lisa Krusche \u00a9&nbsp;Charlotte Krusche<\/p>\n\n\n\n<p>Stephan Roiss \u00a9&nbsp;&nbsp;Zoe Goldstein<\/p>\n","protected":false},"excerpt":{"rendered":"<p>Die Unabh\u00e4ngige Lesereihe\u00a0zusammen lesen\u00a0feierte die 10. Ausgabe Lesung und Gespr\u00e4ch mit Mario Schemmerl&nbsp; [&hellip;]<\/p>\n","protected":false},"author":1,"featured_media":0,"parent":17,"menu_order":0,"comment_status":"closed","ping_status":"closed","template":"","meta":{"ngg_post_thumbnail":0,"footnotes":""},"class_list":["post-311","page","type-page","status-publish","hentry"],"_links":{"self":[{"href":"https:\/\/zusammenlesen.mur.at\/index.php\/wp-json\/wp\/v2\/pages\/311","targetHints":{"allow":["GET"]}}],"collection":[{"href":"https:\/\/zusammenlesen.mur.at\/index.php\/wp-json\/wp\/v2\/pages"}],"about":[{"href":"https:\/\/zusammenlesen.mur.at\/index.php\/wp-json\/wp\/v2\/types\/page"}],"author":[{"embeddable":true,"href":"https:\/\/zusammenlesen.mur.at\/index.php\/wp-json\/wp\/v2\/users\/1"}],"replies":[{"embeddable":true,"href":"https:\/\/zusammenlesen.mur.at\/index.php\/wp-json\/wp\/v2\/comments?post=311"}],"version-history":[{"count":3,"href":"https:\/\/zusammenlesen.mur.at\/index.php\/wp-json\/wp\/v2\/pages\/311\/revisions"}],"predecessor-version":[{"id":330,"href":"https:\/\/zusammenlesen.mur.at\/index.php\/wp-json\/wp\/v2\/pages\/311\/revisions\/330"}],"up":[{"embeddable":true,"href":"https:\/\/zusammenlesen.mur.at\/index.php\/wp-json\/wp\/v2\/pages\/17"}],"wp:attachment":[{"href":"https:\/\/zusammenlesen.mur.at\/index.php\/wp-json\/wp\/v2\/media?parent=311"}],"curies":[{"name":"wp","href":"https:\/\/api.w.org\/{rel}","templated":true}]}}