{"id":258,"date":"2024-06-07T08:19:42","date_gmt":"2024-06-07T08:19:42","guid":{"rendered":"https:\/\/zusammenlesen.mur.at\/?page_id=258"},"modified":"2024-08-29T11:23:40","modified_gmt":"2024-08-29T11:23:40","slug":"zl8-15-05-24","status":"publish","type":"page","link":"https:\/\/zusammenlesen.mur.at\/index.php\/termine\/zl8-15-05-24\/","title":{"rendered":"zl# 8: 15.05.24"},"content":{"rendered":"\n<figure class=\"wp-block-image size-full\"><img loading=\"lazy\" decoding=\"async\" width=\"11150\" height=\"5858\" src=\"https:\/\/zusammenlesen.mur.at\/wp-content\/uploads\/2024\/06\/header-zl8.jpg\" alt=\"\" class=\"wp-image-287\"\/><\/figure>\n\n\n\n<p>Beim achten Termin von zusammen lesen ging es um Prosatexte und begr\u00fc\u00dfen dazu die Autor*innen Wittrich, Nava Ebrahimi und Ana Grilc.<\/p>\n\n\n\n<p><strong>Zu den Autor*innen:<\/strong><\/p>\n\n\n\n<p><strong>WITTRICH<\/strong> Wer rettet den Menschen vor der Gesellschaft und ver\u00e4ngstige Parkpl\u00e4tze vor Begr\u00fcnungsoffensiven, wenn er es nicht tut?&nbsp;Wittrich&nbsp;ist Kurzgeschichtenautor, Poetry Slammer und Dialekttexter. Er schrieb schon immer \u00fcber dies und das, inzwischen aber auch \u00fcber andere Dinge. Besonders interessieren ihn der Dschungel zwischen individuellen Bed\u00fcrfnissen und kollektiven Irrungen, das Fremde im K\u00f6rperlichen und das Blut, das er nicht sehen kann.&nbsp;<\/p>\n\n\n\n<p>NAVA EBRAHIMI, geboren in Iran und aufgewachsen in Deutschland, hat in K\u00f6ln Volkswirtschaftslehre sowie Journalismus studiert und einige Jahre als Redakteurin gearbeitet. Seit 2012 lebt sie als freie Schriftstellerin in Graz. Sie hat zwei Romane, &#8220;Sechzehn W\u00f6rter&#8221; und &#8220;Das Paradies meines Nachbarn&#8221;, ver\u00f6ffentlicht und 2021 mit ihrem Text &#8220;Der Cousin&#8221; den Ingeborg-Bachmann-Preis gewonnen.<\/p>\n\n\n\n<p>Die K\u00e4rntner Slowenin&nbsp;ANA GRILC&nbsp;wurde 1999 in Villach geboren. Sie studiert an der Universit\u00e4t f\u00fcr Angewandte Kunst im Fach KKP, sowie an der Universit\u00e4t Wien im Fach PP. Sie ist Vorstandsmitglied des Klubs slowenischer Student*innen in Wien (KS\u0160\u0160D).&nbsp;Als Teil des feministischen Regiekollektivs \u00bbFeminem MaxiPad\u00ab (gemeinsam mit Julija Urban) hat sie die Leitung zweier Figurentheatergruppen inne.&nbsp;Grilc&nbsp;ist als Journalistin der Wochenzeitung Novice t\u00e4tig. 2020 gewann sie den Newcomer-Preis der Stadt Klagenfurt f\u00fcr ihre Kurzgeschichte \u201eDer Leichenfresser\u201c. 2022 erschien ihr erstes Buch \u201eWurzelrei\u00dfer:innen\u201c im Hermagoras Verlag. 2023 belegte&nbsp;Grilc&nbsp;den 1. Platz des Literaturwettbewerbs des M\u00f6lltaler Geschichtenfestival und wurde mit dem Literaturpreis des Landes K\u00e4rnten f\u00fcr Kurzgeschichten ausgezeichnet.<\/p>\n\n\n\n<p>Gef\u00f6rdert durch das Bundesministerium f\u00fcr Kunst, Kultur, \u00f6ffentlicher Dienst und Sport, das Land Steiermark, und die Stadt Graz.<\/p>\n\n\n\n<p>Fotos:<br>Wittrich \u00a9 Wittrich<br>Nava Ebrahimi \u00a9 Clara Wildberger<br>Ana Grilc \u00a9 \u00a0Jana Madzigon<\/p>\n\n\n\nngg_shortcode_0_placeholder\n","protected":false},"excerpt":{"rendered":"<p>Beim achten Termin von zusammen lesen ging es um Prosatexte und begr\u00fc\u00dfen dazu [&hellip;]<\/p>\n","protected":false},"author":1,"featured_media":0,"parent":17,"menu_order":0,"comment_status":"closed","ping_status":"closed","template":"","meta":{"ngg_post_thumbnail":0,"footnotes":""},"class_list":["post-258","page","type-page","status-publish","hentry"],"_links":{"self":[{"href":"https:\/\/zusammenlesen.mur.at\/index.php\/wp-json\/wp\/v2\/pages\/258","targetHints":{"allow":["GET"]}}],"collection":[{"href":"https:\/\/zusammenlesen.mur.at\/index.php\/wp-json\/wp\/v2\/pages"}],"about":[{"href":"https:\/\/zusammenlesen.mur.at\/index.php\/wp-json\/wp\/v2\/types\/page"}],"author":[{"embeddable":true,"href":"https:\/\/zusammenlesen.mur.at\/index.php\/wp-json\/wp\/v2\/users\/1"}],"replies":[{"embeddable":true,"href":"https:\/\/zusammenlesen.mur.at\/index.php\/wp-json\/wp\/v2\/comments?post=258"}],"version-history":[{"count":3,"href":"https:\/\/zusammenlesen.mur.at\/index.php\/wp-json\/wp\/v2\/pages\/258\/revisions"}],"predecessor-version":[{"id":303,"href":"https:\/\/zusammenlesen.mur.at\/index.php\/wp-json\/wp\/v2\/pages\/258\/revisions\/303"}],"up":[{"embeddable":true,"href":"https:\/\/zusammenlesen.mur.at\/index.php\/wp-json\/wp\/v2\/pages\/17"}],"wp:attachment":[{"href":"https:\/\/zusammenlesen.mur.at\/index.php\/wp-json\/wp\/v2\/media?parent=258"}],"curies":[{"name":"wp","href":"https:\/\/api.w.org\/{rel}","templated":true}]}}