{"id":256,"date":"2024-08-29T11:23:16","date_gmt":"2024-08-29T11:23:16","guid":{"rendered":"https:\/\/zusammenlesen.mur.at\/?page_id=256"},"modified":"2024-08-29T11:23:16","modified_gmt":"2024-08-29T11:23:16","slug":"zl-7-14-03-24","status":"publish","type":"page","link":"https:\/\/zusammenlesen.mur.at\/index.php\/termine\/zl-7-14-03-24\/","title":{"rendered":"zl #7: 14.03.24"},"content":{"rendered":"\n<figure class=\"wp-block-image size-large\"><img loading=\"lazy\" decoding=\"async\" width=\"1024\" height=\"538\" src=\"https:\/\/zusammenlesen.mur.at\/wp-content\/uploads\/2024\/08\/titel-1024x538.jpg\" alt=\"\" class=\"wp-image-301\" srcset=\"https:\/\/zusammenlesen.mur.at\/wp-content\/uploads\/2024\/08\/titel-1024x538.jpg 1024w, https:\/\/zusammenlesen.mur.at\/wp-content\/uploads\/2024\/08\/titel-300x158.jpg 300w, https:\/\/zusammenlesen.mur.at\/wp-content\/uploads\/2024\/08\/titel-768x403.jpg 768w, https:\/\/zusammenlesen.mur.at\/wp-content\/uploads\/2024\/08\/titel-1536x807.jpg 1536w, https:\/\/zusammenlesen.mur.at\/wp-content\/uploads\/2024\/08\/titel-2048x1076.jpg 2048w\" sizes=\"auto, (max-width: 1024px) 100vw, 1024px\" \/><\/figure>\n\n\n\n<p>Am <strong>Donnerstag, 14. M\u00e4rz 2024 um 19 Uhr<\/strong> ging es im Caf\u00e9 Kaiserfeld mit der Lesereihe \u201ezusammen lesen\u201c weiter. Dieses Mal widmeten wir uns essayistischen Formen und begr\u00fc\u00dfen dazu die Autor*innen Bianca Jankovska, Andrea Stift-Laube und Richard Schuberth.<\/p>\n\n\n\n<p><strong>Zu den Autor*innen:<\/strong><br><strong>BIANCA JANKOVSKA<\/strong> ver\u00f6ffentlichte 2018 ihr erstes Buch \u201eDas Millennial-Manifest\u201c, 2020 folgte \u201eDear Girlboss, we are done\u201c. Heute teilt Jankovska ihr geballtes Wissen \u00fcber die (Arbeits-)Welt in K\u00fcndigungsberatungen (\u201eThx bye\u201c), ihrem Podcast (\u201eThe Bleeding Overachiever\u201c), auf ihrem Blog (\u201eGroschenphilosophin\u201c), auf Social-Media (@groschenphilosophin), auf <a href=\"http:\/\/fuckgirl.substack.com\" target=\"_blank\" rel=\"noreferrer noopener\">fuckgirl.substack.com<\/a>. Ihr n\u00e4chstes Buch \u201ePotenziell furchtbare Tage\u201c\u00a0erscheint demnc\u00e4hst im Haymon Verlag.<\/p>\n\n\n\n<p><strong>ANDREA STIFT-LAUBE,<\/strong> geboren 1976 in der S\u00fcdsteiermark. Schriftstellerin, Bezirkspolitikerin, Herausgeberin der Literaturzeitschrift Lichtungen. Zuletzt erschien der Essayband &#8220;Ehrgeiz&#8221; bei Kremayr &amp; Scheriau.\u00a0<\/p>\n\n\n\n<p><strong>RICHARD SCHUBERTH<\/strong> (geb. 1968) schreibt Literatur verschiedener Gattungen, auch wissenschaftliche Texte, Songs und gesellschaftskritische Satiren. J\u00fcngste Publikation: \u201eR\u00fcckkehr des Dschungels. Essays und andere Texte 2017\u20132023\u201c (Drava Verlag). Im Herbst wird im Wallstein-Verlag ein Essayband zu Lord Byron (anl\u00e4sslich des 200. Todestages) erscheinen (Arbeitstitel: \u201eLord Byron \u2013 der erste Anti-Byronist\u201c). Webseite: <a href=\"http:\/\/richard-schuberth.com\">http:\/\/richard-schuberth.com<\/a><\/p>\n\n\n\n<p>Gef\u00f6rdert durch das Bundesministerium f\u00fcr Kunst, Kultur, \u00f6ffentlicher Dienst und Sport, das Land Steiermark, und die Stadt Graz.<\/p>\n\n\n\n<p>Fotos:<br>Bianca Jankovska \u00a9 Haymon Verlag\/Fotowerk Aichner<br>Andrea Stift-Laube \u00a9<br>Richard Schuberth \u00a9 \u00a0Jana Madzigon<\/p>\n","protected":false},"excerpt":{"rendered":"<p>Am Donnerstag, 14. M\u00e4rz 2024 um 19 Uhr ging es im Caf\u00e9 Kaiserfeld [&hellip;]<\/p>\n","protected":false},"author":1,"featured_media":0,"parent":17,"menu_order":0,"comment_status":"closed","ping_status":"closed","template":"","meta":{"ngg_post_thumbnail":0,"footnotes":""},"class_list":["post-256","page","type-page","status-publish","hentry"],"_links":{"self":[{"href":"https:\/\/zusammenlesen.mur.at\/index.php\/wp-json\/wp\/v2\/pages\/256","targetHints":{"allow":["GET"]}}],"collection":[{"href":"https:\/\/zusammenlesen.mur.at\/index.php\/wp-json\/wp\/v2\/pages"}],"about":[{"href":"https:\/\/zusammenlesen.mur.at\/index.php\/wp-json\/wp\/v2\/types\/page"}],"author":[{"embeddable":true,"href":"https:\/\/zusammenlesen.mur.at\/index.php\/wp-json\/wp\/v2\/users\/1"}],"replies":[{"embeddable":true,"href":"https:\/\/zusammenlesen.mur.at\/index.php\/wp-json\/wp\/v2\/comments?post=256"}],"version-history":[{"count":2,"href":"https:\/\/zusammenlesen.mur.at\/index.php\/wp-json\/wp\/v2\/pages\/256\/revisions"}],"predecessor-version":[{"id":302,"href":"https:\/\/zusammenlesen.mur.at\/index.php\/wp-json\/wp\/v2\/pages\/256\/revisions\/302"}],"up":[{"embeddable":true,"href":"https:\/\/zusammenlesen.mur.at\/index.php\/wp-json\/wp\/v2\/pages\/17"}],"wp:attachment":[{"href":"https:\/\/zusammenlesen.mur.at\/index.php\/wp-json\/wp\/v2\/media?parent=256"}],"curies":[{"name":"wp","href":"https:\/\/api.w.org\/{rel}","templated":true}]}}