{"id":252,"date":"2024-06-07T08:10:58","date_gmt":"2024-06-07T08:10:58","guid":{"rendered":"https:\/\/zusammenlesen.mur.at\/?page_id=252"},"modified":"2024-08-29T11:24:36","modified_gmt":"2024-08-29T11:24:36","slug":"zl6-09-11-2023","status":"publish","type":"page","link":"https:\/\/zusammenlesen.mur.at\/index.php\/termine\/zl6-09-11-2023\/","title":{"rendered":"zl #6: 09.11.23"},"content":{"rendered":"\n<figure class=\"wp-block-image size-full\"><img loading=\"lazy\" decoding=\"async\" width=\"11150\" height=\"5858\" src=\"https:\/\/zusammenlesen.mur.at\/wp-content\/uploads\/2024\/06\/header-zl6.jpg\" alt=\"\" class=\"wp-image-260\"\/><\/figure>\n\n\n\n<p>Beim sechsten Termin der Lesereihe widmeten wir uns dramatischen Formen und begr\u00fc\u00dften dazu die Autor*innen Katerina Cerna, Irene Diwiak und Kathrin Liess.<\/p>\n\n\n\n<p><strong>Zu den Autor*innen:<\/strong><\/p>\n\n\n\n<p><strong>Kate\u0159ina \u010cern\u00e1,<\/strong>&nbsp;1985 in&nbsp;\u010cesk\u00e1 L\u00edpa\/ Tschechien geboren, hat Slawistik in Graz, Prag und Odessa studiert und Szenisches Schreiben bei Forum Text \u2013 uniT. Sie schreibt erz\u00e4hlende Texte und Theaterst\u00fccke f\u00fcr Erwachsene und Kinder und ist Theaterschaffende.&nbsp;Ihre Texte wurden mehrfach ausgezeichnet, etwa mit dem Peter-Turrini-Stipendium (2017) oder dem Literaturstipendium der Stadt Graz (2021). 2023 war sie mit ihrem St\u00fcck \u201eSockenwirbel\u201c beim Krapoldi Festival (Innsbruck) zu Gast und mit demselben Text zur Dramatiker:innenb\u00f6rse des Luaga &amp; Losna Festivals (Nenzing\/Vbg.) eingeladen.<\/p>\n\n\n\n<p><strong>Kathrin<\/strong><strong>&nbsp;<\/strong><strong>K.&nbsp;Liess<\/strong>&nbsp;arbeitet als Autorin, \u00dcbersetzerin und Produktionsleitung. Sie ist Mitglied der Plattform und schreibt vorwiegend f\u00fcrs Theater. Ihre St\u00fccke wurden u.a. am Staatstheater Mainz und am Staatstheater Kassel uraufgef\u00fchrt und zu diversen Festivals eingeladen. Als Produktionsleiterin arbeitet sie f\u00fcr peaches&amp;rooster, die Theater- und Filmkompanie von Jan-Christoph Gockel und Michael Pietsch.<\/p>\n\n\n\n<p><strong>Irene Diwiak,<\/strong>&nbsp;geboren 1991 in Graz, aufgewachsen in Deutschlandsberg, Studium der Judaistik, Slawistik und Komparatistik in Wien. Zahlreiche Literaturpreise, u.a. bei der Jugendliteraturwerkstatt Graz (2005, 2008), FM4-Wortlaut (2013), Theodor-K\u00f6rner-F\u00f6rderpreis (2015), Jurypreis beim Autorenwettbewerb der Nibelungen-Festspiele Worms (2015), F\u00f6rderpreis der Stadt Graz (2018), Stipendiatin am Literarischen Colloquium Berlin (2019), Literaturstipendium der Stadt Graz (2020), Jubil\u00e4umsstipendium der LiterarMechana (2021), Stipendium f\u00fcr Dramatik der Stadt Wien (2022), Projektstipendium des Bundesministeriums f\u00fcr Kunst und Kultur (2022). Ihr Theaterst\u00fcck \u201eDie Isl\u00e4nderin\u201c wurde 2016 in Worms uraufgef\u00fchrt. Ihr Deb\u00fctroman \u201eLiebwies\u201c erschien 2017 bei Deuticke (Taschenbuchausgabe 2019 bei Diogenes) und stand auf der Shortlist f\u00fcr den Deb\u00fctpreis des \u00d6sterreichischen Buchpreises. Ihr zweiter Roman \u201eMalvita\u201c erschien im September 2020 bei Zsolnay (Taschenbuchausgabe 2023 bei Penguin), im selben Jahr fand die Oper \u201eElsa\u201c (Komposition: Margareta Ferec-Petric), f\u00fcr welche sie das Libretto geschrieben hat, ihre Urauff\u00fchrung.<br>2021 wurde der Erz\u00e4hlband \u201eGuilty Pleasures\u201c in der Edition K\u00fcrbis ver\u00f6ffentlicht. 2022\/23 war sie Stipendiatin der Drehbuchwerkstatt M\u00fcnchen-Steiermark. 2023 ist ihr dritter Roman \u201eSag Alex, er soll nicht auf mich warten\u201c bei C.Bertelsmann erschienen.<\/p>\n\n\n\n<p>Gef\u00f6rdert durch das Bundesministerium f\u00fcr Kunst, Kultur, \u00f6ffentlicher Dienst und Sport, das Land Steiermark, und die Stadt Graz.<\/p>\n\n\n\n<p>Fotos:<br>Kathrin Liess \u00a9 Stephie Braun<br>Irene Diwiak \u00a9&nbsp;@BogenbergerAutorenfotografie<br>Katerina Cerna \u00a9&nbsp;Gloria Feldner @gloriari<\/p>\n\n\n\nngg_shortcode_0_placeholder\n","protected":false},"excerpt":{"rendered":"<p>Beim sechsten Termin der Lesereihe widmeten wir uns dramatischen Formen und begr\u00fc\u00dften dazu [&hellip;]<\/p>\n","protected":false},"author":1,"featured_media":0,"parent":17,"menu_order":0,"comment_status":"closed","ping_status":"closed","template":"","meta":{"ngg_post_thumbnail":0,"footnotes":""},"class_list":["post-252","page","type-page","status-publish","hentry"],"_links":{"self":[{"href":"https:\/\/zusammenlesen.mur.at\/index.php\/wp-json\/wp\/v2\/pages\/252","targetHints":{"allow":["GET"]}}],"collection":[{"href":"https:\/\/zusammenlesen.mur.at\/index.php\/wp-json\/wp\/v2\/pages"}],"about":[{"href":"https:\/\/zusammenlesen.mur.at\/index.php\/wp-json\/wp\/v2\/types\/page"}],"author":[{"embeddable":true,"href":"https:\/\/zusammenlesen.mur.at\/index.php\/wp-json\/wp\/v2\/users\/1"}],"replies":[{"embeddable":true,"href":"https:\/\/zusammenlesen.mur.at\/index.php\/wp-json\/wp\/v2\/comments?post=252"}],"version-history":[{"count":7,"href":"https:\/\/zusammenlesen.mur.at\/index.php\/wp-json\/wp\/v2\/pages\/252\/revisions"}],"predecessor-version":[{"id":305,"href":"https:\/\/zusammenlesen.mur.at\/index.php\/wp-json\/wp\/v2\/pages\/252\/revisions\/305"}],"up":[{"embeddable":true,"href":"https:\/\/zusammenlesen.mur.at\/index.php\/wp-json\/wp\/v2\/pages\/17"}],"wp:attachment":[{"href":"https:\/\/zusammenlesen.mur.at\/index.php\/wp-json\/wp\/v2\/media?parent=252"}],"curies":[{"name":"wp","href":"https:\/\/api.w.org\/{rel}","templated":true}]}}