{"id":180,"date":"2023-09-23T09:10:31","date_gmt":"2023-09-23T09:10:31","guid":{"rendered":"https:\/\/zusammenlesen.mur.at\/?page_id=180"},"modified":"2023-09-29T10:39:06","modified_gmt":"2023-09-29T10:39:06","slug":"zusammen-lesen-5","status":"publish","type":"page","link":"https:\/\/zusammenlesen.mur.at\/index.php\/termine\/zusammen-lesen-5\/","title":{"rendered":"zl #5: 07.09.23"},"content":{"rendered":"\n<p>Am Donnerstag, 7. September 2023, fand im Caf\u00e9 Kaiserfeld der f\u00fcnfte Termin der Lesereihe mit den Autor*innen Katharina Pressl, Mario Huber &amp; Fiston Mwanza Mujila statt.<\/p>\n\n\n\n<figure class=\"wp-block-image size-large\"><img loading=\"lazy\" decoding=\"async\" width=\"1024\" height=\"1024\" src=\"https:\/\/zusammenlesen.mur.at\/wp-content\/uploads\/2023\/09\/lesereihe-insta-bilder-52-1024x1024.jpg\" alt=\"\" class=\"wp-image-198\" srcset=\"https:\/\/zusammenlesen.mur.at\/wp-content\/uploads\/2023\/09\/lesereihe-insta-bilder-52-1024x1024.jpg 1024w, https:\/\/zusammenlesen.mur.at\/wp-content\/uploads\/2023\/09\/lesereihe-insta-bilder-52-300x300.jpg 300w, https:\/\/zusammenlesen.mur.at\/wp-content\/uploads\/2023\/09\/lesereihe-insta-bilder-52-150x150.jpg 150w, https:\/\/zusammenlesen.mur.at\/wp-content\/uploads\/2023\/09\/lesereihe-insta-bilder-52-768x768.jpg 768w, https:\/\/zusammenlesen.mur.at\/wp-content\/uploads\/2023\/09\/lesereihe-insta-bilder-52-1536x1536.jpg 1536w, https:\/\/zusammenlesen.mur.at\/wp-content\/uploads\/2023\/09\/lesereihe-insta-bilder-52-2048x2048.jpg 2048w\" sizes=\"auto, (max-width: 1024px) 100vw, 1024px\" \/><\/figure>\n\n\n\n<p><strong>Zu den Autor*innen:<\/strong><\/p>\n\n\n\n<p>Katharina Pressl arbeitet im Theater Drachengasse in Wien und lehrt an der Universit\u00e4t f\u00fcr angewandte Kunst. Sie ist Teil des Literaturvermittlungsprojekt &#8216;Prosa f\u00fcr Prosa&#8217; und im Vorstand der Kulturinitiative Container 25. Ihr Deb\u00fctroman Andere Sorgen erschien 2019 im Residenz Verlag, mit dem sie f\u00fcr den Rauriser Literaturpreis nominiert war.&nbsp;<\/p>\n\n\n\n<p>Mario Huber, Autor und Literaturwissenschafter, geboren und aufgewachsen in der Oststeiermark. Literarische Ver\u00f6ffentlichungen in Zeitschriften. Eine Ausgabe der Zeitschrift flugschrift mit seinen Dialektgedichten ist 2023 erschienen.<\/p>\n\n\n\n<p>Fiston Mwanza Mujila, *1981 in Lubumbashi (DR Kongo). Ab 2007 Aufenthalte in Belgien und Frankreich, 2009 erhielt er das Stipendium als Stadtschreiber in Graz, wo er seitdem (mit Unterbrechungen, u.a. f\u00fcr Recherchen) lebt. Zurzeit ist er f\u00fcr das Literaturprogramm des Grazer Forum Stadtpark verantwortlich. Neben seiner T\u00e4tigkeit als Autor und Performer (Zusammenarbeit mit Jazz-Musikern) ist er als Vermittler und Herausgeber der Literatur der afrikanischen Diaspora aktiv. Fiston Mwanza Mujila publiziert vorwiegend auf Franz\u00f6sisch, sein Deb\u00fctroman Tram 83 wurde mehrfach ausgezeichnet, u.a. mit dem Grand Prix of Literary Associations (2015), dem Internationalen Literaturpreis \u2013 Haus der Kulturen der Welt und dem Peter-Rosegger-Literaturpreis des Landes Steiermark (2018). F\u00fcr seinen zweiten Roman La danse du Vilain erhielt der Autor 2021 den Prix Les Afriques.<\/p>\n\n\n\n<p>Gef\u00f6rdert durch das Bundesministerium f\u00fcr Kunst, Kultur, \u00f6ffentlicher Dienst und Sport, das Land Steiermark, und die Stadt Graz.<\/p>\n\n\n\nngg_shortcode_0_placeholder\n\n\n\n<p>Fotos (c) Corinna Rettenegger<\/p>\n","protected":false},"excerpt":{"rendered":"<p>Am Donnerstag, 7. September 2023, fand im Caf\u00e9 Kaiserfeld der f\u00fcnfte Termin der [&hellip;]<\/p>\n","protected":false},"author":1,"featured_media":0,"parent":17,"menu_order":0,"comment_status":"closed","ping_status":"closed","template":"","meta":{"ngg_post_thumbnail":0,"footnotes":""},"class_list":["post-180","page","type-page","status-publish","hentry"],"_links":{"self":[{"href":"https:\/\/zusammenlesen.mur.at\/index.php\/wp-json\/wp\/v2\/pages\/180","targetHints":{"allow":["GET"]}}],"collection":[{"href":"https:\/\/zusammenlesen.mur.at\/index.php\/wp-json\/wp\/v2\/pages"}],"about":[{"href":"https:\/\/zusammenlesen.mur.at\/index.php\/wp-json\/wp\/v2\/types\/page"}],"author":[{"embeddable":true,"href":"https:\/\/zusammenlesen.mur.at\/index.php\/wp-json\/wp\/v2\/users\/1"}],"replies":[{"embeddable":true,"href":"https:\/\/zusammenlesen.mur.at\/index.php\/wp-json\/wp\/v2\/comments?post=180"}],"version-history":[{"count":4,"href":"https:\/\/zusammenlesen.mur.at\/index.php\/wp-json\/wp\/v2\/pages\/180\/revisions"}],"predecessor-version":[{"id":232,"href":"https:\/\/zusammenlesen.mur.at\/index.php\/wp-json\/wp\/v2\/pages\/180\/revisions\/232"}],"up":[{"embeddable":true,"href":"https:\/\/zusammenlesen.mur.at\/index.php\/wp-json\/wp\/v2\/pages\/17"}],"wp:attachment":[{"href":"https:\/\/zusammenlesen.mur.at\/index.php\/wp-json\/wp\/v2\/media?parent=180"}],"curies":[{"name":"wp","href":"https:\/\/api.w.org\/{rel}","templated":true}]}}