{"id":178,"date":"2023-09-23T09:10:24","date_gmt":"2023-09-23T09:10:24","guid":{"rendered":"https:\/\/zusammenlesen.mur.at\/?page_id=178"},"modified":"2023-09-29T10:38:42","modified_gmt":"2023-09-29T10:38:42","slug":"zusammen-lesen-4","status":"publish","type":"page","link":"https:\/\/zusammenlesen.mur.at\/index.php\/termine\/zusammen-lesen-4\/","title":{"rendered":"zl #4: 11.05.23"},"content":{"rendered":"\n<p>Am Donnerstag, 11. Mai 2023, fand im Caf\u00e9 Kaiserfeld der vierten Termin mit den Autor*innen Sarah Berger, Nadine Nebel &amp; Florian Labitsch statt.<\/p>\n\n\n\n<figure class=\"wp-block-image size-large\"><img loading=\"lazy\" decoding=\"async\" width=\"1024\" height=\"1024\" src=\"https:\/\/zusammenlesen.mur.at\/wp-content\/uploads\/2023\/09\/nadine-nebel-insta2-1024x1024.jpg\" alt=\"\" class=\"wp-image-194\" srcset=\"https:\/\/zusammenlesen.mur.at\/wp-content\/uploads\/2023\/09\/nadine-nebel-insta2-1024x1024.jpg 1024w, https:\/\/zusammenlesen.mur.at\/wp-content\/uploads\/2023\/09\/nadine-nebel-insta2-300x300.jpg 300w, https:\/\/zusammenlesen.mur.at\/wp-content\/uploads\/2023\/09\/nadine-nebel-insta2-150x150.jpg 150w, https:\/\/zusammenlesen.mur.at\/wp-content\/uploads\/2023\/09\/nadine-nebel-insta2-768x768.jpg 768w, https:\/\/zusammenlesen.mur.at\/wp-content\/uploads\/2023\/09\/nadine-nebel-insta2-1536x1536.jpg 1536w, https:\/\/zusammenlesen.mur.at\/wp-content\/uploads\/2023\/09\/nadine-nebel-insta2-2048x2048.jpg 2048w\" sizes=\"auto, (max-width: 1024px) 100vw, 1024px\" \/><\/figure>\n\n\n\n<p><strong>Zu den Autor*innen:<\/strong><\/p>\n\n\n\n<p>Sarah Berger, 1985 in Timi\u0219oara, Rum\u00e4nien geboren, ist eine deutsche Autor_in, Fotograf_in und Performancek\u00fcnstler_in mit Wohnsitz in Berlin. Berger bespielt verschiedene sozialmediale Formate mit autofiktionalen Texten und fotografischen Arbeiten, stets changieren diese bei queer-feministischer Haltung zwischen introspektiver Betrachtung und gesellschaftskritischer Analyse.<\/p>\n\n\n\n<p>Nadine Nebel, geb. 1987 in Graz; lebt und arbeitet auch hier. Sie hat die Meisterklasse f\u00fcr Malerei an der Ortweinschule absolviert und 2021 das Ortwein-Stipendium erhalten. Seither widmet sie sich fast ausschlie\u00dflich ihrer k\u00fcnstlerischen Praxis, die vorwiegend die Malerei, aber auch andere visuelle und literarische Projekte umfasst.<\/p>\n\n\n\n<p>Florian Labitsch. Geboren 1980 in Graz. Schriftsteller und Museumsmitarbeiter. Diplom-Studium der Geschichte an der Universit\u00e4t Graz. Publikation von Prosa in Literaturzeitschriften (manuskripte, Lichtungen, BELLA triste) und \u00fcber 100 journalistischen Beitr\u00e4gen in Printmedien (Falter, Kleine Zeitung). Mitglied des Autor*innen-Kollektivs plattform. Literaturf\u00f6rderpreis der Stadt Graz 2018, BMUKK-Arbeitsstipendium f\u00fcr Literatur 2013+2018, Salinen-Austria-Stipendium 2011.<br>Ver\u00f6ffentlichungen: Nachricht von O. (Online-H\u00f6rspiel 2020), Volume 1. Zehn Jahre plattform (Mitherausgeber, Sonderzahl 2014), Brochst\u00fccke (2012), Die Narrischen (LIT 2009).<\/p>\n\n\n\n<p>Gef\u00f6rdert durch das Bundesministerium f\u00fcr Kunst, Kultur, \u00f6ffentlicher Dienst und Sport, das Land Steiermark, und die Stadt Graz.<\/p>\n\n\n\nngg_shortcode_0_placeholder\n\n\n\n<p>Fotos (c) Corinna Rettenegger<\/p>\n","protected":false},"excerpt":{"rendered":"<p>Am Donnerstag, 11. Mai 2023, fand im Caf\u00e9 Kaiserfeld der vierten Termin mit [&hellip;]<\/p>\n","protected":false},"author":1,"featured_media":0,"parent":17,"menu_order":0,"comment_status":"closed","ping_status":"closed","template":"","meta":{"ngg_post_thumbnail":0,"footnotes":""},"class_list":["post-178","page","type-page","status-publish","hentry"],"_links":{"self":[{"href":"https:\/\/zusammenlesen.mur.at\/index.php\/wp-json\/wp\/v2\/pages\/178","targetHints":{"allow":["GET"]}}],"collection":[{"href":"https:\/\/zusammenlesen.mur.at\/index.php\/wp-json\/wp\/v2\/pages"}],"about":[{"href":"https:\/\/zusammenlesen.mur.at\/index.php\/wp-json\/wp\/v2\/types\/page"}],"author":[{"embeddable":true,"href":"https:\/\/zusammenlesen.mur.at\/index.php\/wp-json\/wp\/v2\/users\/1"}],"replies":[{"embeddable":true,"href":"https:\/\/zusammenlesen.mur.at\/index.php\/wp-json\/wp\/v2\/comments?post=178"}],"version-history":[{"count":6,"href":"https:\/\/zusammenlesen.mur.at\/index.php\/wp-json\/wp\/v2\/pages\/178\/revisions"}],"predecessor-version":[{"id":231,"href":"https:\/\/zusammenlesen.mur.at\/index.php\/wp-json\/wp\/v2\/pages\/178\/revisions\/231"}],"up":[{"embeddable":true,"href":"https:\/\/zusammenlesen.mur.at\/index.php\/wp-json\/wp\/v2\/pages\/17"}],"wp:attachment":[{"href":"https:\/\/zusammenlesen.mur.at\/index.php\/wp-json\/wp\/v2\/media?parent=178"}],"curies":[{"name":"wp","href":"https:\/\/api.w.org\/{rel}","templated":true}]}}