{"id":176,"date":"2023-09-23T09:10:15","date_gmt":"2023-09-23T09:10:15","guid":{"rendered":"https:\/\/zusammenlesen.mur.at\/?page_id=176"},"modified":"2023-09-29T10:38:22","modified_gmt":"2023-09-29T10:38:22","slug":"zusammen-lesen-3","status":"publish","type":"page","link":"https:\/\/zusammenlesen.mur.at\/index.php\/termine\/zusammen-lesen-3\/","title":{"rendered":"zl #3: 15.03.23"},"content":{"rendered":"\n<p>Am Mittwoch, 15. M\u00e4rz 2023, fand die dritte Ausgabe von zusammen lesen mit Raoul Eisele, Daniela Kocmut und Marcus P\u00f6ttler statt.<\/p>\n\n\n\n<p><strong>Zu den Autor*innen:<\/strong><\/p>\n\n\n\n<p><br>Raoul Eisele, geb. 1991, lebt als Lyriker und Dramatiker in Wien. Zuletzt erschienen sein Gedichtband &#8220;einmal hatten wir schwarze L\u00f6cher gez\u00e4hlt&#8221;, Berlin: Schiler &amp; M\u00fccke, 2021, sowie sein St\u00fcck &#8220;oder ein Schiefer im Stamm&#8221; am Theater Kosmos Bregenz 2023. Er ist Mitherausgeber der Zeitschrift process*in, sowie Mitbegr\u00fcnder der Lesereihe Mondmeer &amp; Margu\u00e9rite. Seit diesem Jahr ist er ebenfalls Co-Vorstand der GAV-Burgenland.<\/p>\n\n\n\n<p>Daniela Kocmut, geb. 1980 in Maribor, wuchs ab 1991 zweisprachig in K\u00e4rnten \/ Koro\u0161ka auf. Lebt seit 1999 in Graz als literarische \u00dcbersetzerin, Dolmetscherin, Sprachtrainerin f\u00fcr Slowenisch, sowie Redakteurin und Mitarbeiterin der Literaturzeitschrift Lichtungen. . Schreibt Lyrik auf Slowenisch und Deutsch. Seit 2004 zahlreiche Ver\u00f6ffentlichungen literarischer \u00dcbersetzungen aus dem Slowenischen ins Deutsche (u. a. Drago Jan\u010dar, Maru\u0161a Krese, Katarina Marin\u010di\u010d, Veno Taufer, Zofka Kveder, Miha Mazzini, Stanka Hrastelj, Barbara Simoniti, Toma\u017e \u0160alamun, u. a. \u2026).<\/p>\n\n\n\n<p>Marcus P\u00f6ttler, geboren 1977, lebt und arbeitet in Weiz und Graz, schreibt haupts\u00e4chlich Lyrik. Verschiedene Auszeichnungen und Stipendien f\u00fcr seine Gedichte u.a. Feldkircher Lyrikpreis 2009, Literaturstipendium des Landes Steiermark 2010 und Literaturpreis der Akademie Graz 2011. Neben Ver\u00f6ffentlichungen in Literaturzeitschriften und Anthologien erschienen bislang die Gedichtb\u00e4nde fallen (2007), schilderung der einzelheiten (2012), noctarium (2013) und zuletzt Echos (2021).<\/p>\n","protected":false},"excerpt":{"rendered":"<p>Am Mittwoch, 15. M\u00e4rz 2023, fand die dritte Ausgabe von zusammen lesen mit [&hellip;]<\/p>\n","protected":false},"author":1,"featured_media":0,"parent":17,"menu_order":0,"comment_status":"closed","ping_status":"closed","template":"","meta":{"ngg_post_thumbnail":0,"footnotes":""},"class_list":["post-176","page","type-page","status-publish","hentry"],"_links":{"self":[{"href":"https:\/\/zusammenlesen.mur.at\/index.php\/wp-json\/wp\/v2\/pages\/176","targetHints":{"allow":["GET"]}}],"collection":[{"href":"https:\/\/zusammenlesen.mur.at\/index.php\/wp-json\/wp\/v2\/pages"}],"about":[{"href":"https:\/\/zusammenlesen.mur.at\/index.php\/wp-json\/wp\/v2\/types\/page"}],"author":[{"embeddable":true,"href":"https:\/\/zusammenlesen.mur.at\/index.php\/wp-json\/wp\/v2\/users\/1"}],"replies":[{"embeddable":true,"href":"https:\/\/zusammenlesen.mur.at\/index.php\/wp-json\/wp\/v2\/comments?post=176"}],"version-history":[{"count":3,"href":"https:\/\/zusammenlesen.mur.at\/index.php\/wp-json\/wp\/v2\/pages\/176\/revisions"}],"predecessor-version":[{"id":230,"href":"https:\/\/zusammenlesen.mur.at\/index.php\/wp-json\/wp\/v2\/pages\/176\/revisions\/230"}],"up":[{"embeddable":true,"href":"https:\/\/zusammenlesen.mur.at\/index.php\/wp-json\/wp\/v2\/pages\/17"}],"wp:attachment":[{"href":"https:\/\/zusammenlesen.mur.at\/index.php\/wp-json\/wp\/v2\/media?parent=176"}],"curies":[{"name":"wp","href":"https:\/\/api.w.org\/{rel}","templated":true}]}}