{"id":174,"date":"2023-09-23T09:09:52","date_gmt":"2023-09-23T09:09:52","guid":{"rendered":"https:\/\/zusammenlesen.mur.at\/?page_id=174"},"modified":"2023-09-29T10:37:58","modified_gmt":"2023-09-29T10:37:58","slug":"zusammen-lesen-2","status":"publish","type":"page","link":"https:\/\/zusammenlesen.mur.at\/index.php\/termine\/zusammen-lesen-2\/","title":{"rendered":"zl #2: 15.11.22"},"content":{"rendered":"\n<p>Am Dienstag, 15. November 2022, um 19 Uhr ging es im Caf\u00e9 Kaiserfeld mit der Lesereihe \u201ezusammen lesen\u201c weiter. Beim zweiten Termin lasen die Autor*innen Yasmin Al-Yazdi, Anna Hengstberger und Esther Gschweitl.<\/p>\n\n\n\n<p><strong>Zu den Autor*innen:<\/strong><\/p>\n\n\n\n<p>Yasmin Al-Yazdi wurde 1996 in Graz geboren, wo sie nach wie vor lebt, studiert und schreibt. Seitdem sie 16 ist, schreibt sie Texte, welche auch zum Teil schon im Literaturmagazin mischen erschienen sind.<\/p>\n\n\n\n<p>Anna Hengstberger atmet seit 1996 die Luft dieser Welt, zuallererst die Landluft in Scheibbs, Nieder\u00f6sterreich, wo sie auch Literaturveranstaltungen organisiert. Ansonsten ist sie Mit-Herausgeberin der Literaturzeitschrift \u0301apostrophe, studiert im Master und arbeitet als Lehrerin in Graz. Meist auf der Suche nach fliegenden Worten, hohen B\u00e4umen und der verlorenen Zeit f\u00fcr einen kurzen Mittagsschlaf.<\/p>\n\n\n\n<p>Esther Gschweitl, die ihre Wurzeln in der Oststeiermark hat, wurde 1995 in Graz geboren und lebt mittlerweile hier. Sie schreibt unter anderem, Gedichte, Texte f\u00fcr Zeitschriften, Poesieprojekte und Fotografien. Diese sind vertr\u00e4umt, affektiv, konfus und lassen Raum f\u00fcr Interpretationen. 2022 gewann sie den ersten Platz des 50-Cent-Preises der Grazer Poesieautomaten. Einblicke ihrer Malerein und Texte teilt sie auf Instagram @un.uebersichtlich.<\/p>\n\n\n\nngg_shortcode_0_placeholder\n\n\n\n<p>Fotos (c) Corinna Rettenegger<\/p>\n","protected":false},"excerpt":{"rendered":"<p>Am Dienstag, 15. November 2022, um 19 Uhr ging es im Caf\u00e9 Kaiserfeld [&hellip;]<\/p>\n","protected":false},"author":1,"featured_media":0,"parent":17,"menu_order":0,"comment_status":"closed","ping_status":"closed","template":"","meta":{"ngg_post_thumbnail":0,"footnotes":""},"class_list":["post-174","page","type-page","status-publish","hentry"],"_links":{"self":[{"href":"https:\/\/zusammenlesen.mur.at\/index.php\/wp-json\/wp\/v2\/pages\/174","targetHints":{"allow":["GET"]}}],"collection":[{"href":"https:\/\/zusammenlesen.mur.at\/index.php\/wp-json\/wp\/v2\/pages"}],"about":[{"href":"https:\/\/zusammenlesen.mur.at\/index.php\/wp-json\/wp\/v2\/types\/page"}],"author":[{"embeddable":true,"href":"https:\/\/zusammenlesen.mur.at\/index.php\/wp-json\/wp\/v2\/users\/1"}],"replies":[{"embeddable":true,"href":"https:\/\/zusammenlesen.mur.at\/index.php\/wp-json\/wp\/v2\/comments?post=174"}],"version-history":[{"count":6,"href":"https:\/\/zusammenlesen.mur.at\/index.php\/wp-json\/wp\/v2\/pages\/174\/revisions"}],"predecessor-version":[{"id":229,"href":"https:\/\/zusammenlesen.mur.at\/index.php\/wp-json\/wp\/v2\/pages\/174\/revisions\/229"}],"up":[{"embeddable":true,"href":"https:\/\/zusammenlesen.mur.at\/index.php\/wp-json\/wp\/v2\/pages\/17"}],"wp:attachment":[{"href":"https:\/\/zusammenlesen.mur.at\/index.php\/wp-json\/wp\/v2\/media?parent=174"}],"curies":[{"name":"wp","href":"https:\/\/api.w.org\/{rel}","templated":true}]}}