{"id":17,"date":"2023-09-16T09:05:43","date_gmt":"2023-09-16T09:05:43","guid":{"rendered":"https:\/\/zusammenlesen.mur.at\/?page_id=17"},"modified":"2026-04-09T17:28:20","modified_gmt":"2026-04-09T17:28:20","slug":"termine","status":"publish","type":"page","link":"https:\/\/zusammenlesen.mur.at\/index.php\/termine\/","title":{"rendered":"Veranstaltungen"},"content":{"rendered":"\n<p><strong>SAVE THE DATE<\/strong><\/p>\n\n\n\n<p><\/p>\n\n\n\n<p><a href=\"https:\/\/zusammenlesen.mur.at\/index.php\/zl16\/\" data-type=\"page\" data-id=\"668\"><strong>Zusammen lesen #16<\/strong>: Schnittstelle Literatur &amp; Performance: Christine Teichmann, Elias Hirschl &amp; Max H\u00f6fler.<\/a><br>06. Mai 2026, 19 Uhr, Murinsel Graz.<\/p>\n\n\n\n<p><strong>PAST<\/strong><\/p>\n\n\n\n<p><strong><a href=\"https:\/\/zusammenlesen.mur.at\/index.php\/zl15-08-04-26\/\">Zusammen lesen #15: <\/a><\/strong>Mercedes Kornberger, Verena Kandler &amp; Yannis Pagger<br>08. April 2026, 20 Uhr, <a href=\"https:\/\/cafewolf.at\/programm?month=4&amp;year=2026\">Caf\u00e9 Wolf<\/a>, Graz.<\/p>\n\n\n\n<p><a href=\"https:\/\/zusammenlesen.mur.at\/index.php\/zl14-19-11-25-schnittstelle-literatur-bild\/\"><strong>Zusammen lesen #14<\/strong> &#8211; Schnittstelle Literatur &amp; Bild: mit Vinz Schwarzbauer, Kathrin Kloeckl Stan und Elisabeth Pressl.<\/a><br>Mittwoch, 19. November 2025 um 19 Uhr im Bl\u00e4ttern (Gartengasse 28, Graz).<\/p>\n\n\n\n<p><a href=\"https:\/\/zusammenlesen.mur.at\/index.php\/zl13-23-09-25\/\"><strong>Zusammen lesen #13<\/strong> mit Muhammed Dumanli, Romina Nikoli\u0107 und Mira Magdalena Sickinger.<\/a><br>Dienstag, 23. September 2025 um 19 Uhr im Kunst Klub Kr\u00e4ftner.<\/p>\n\n\n\n<p><a href=\"https:\/\/zusammenlesen.mur.at\/index.php\/zl12-schnittstelle-literatur-ton\/\"><strong>Zusammen lesen #12<\/strong> &#8211; Schnittstelle Literatur &amp; Ton (H\u00f6rspiele): mit Vera Hagemann, Hannah K. Br\u00fcndl und Johanna Schmidt.<\/a><br>Mittwoch, 21. Mai 2025 um 19 Uhr im Caf\u00e9 Kaiserfeld.<\/p>\n\n\n\n<p><a href=\"https:\/\/zusammenlesen.mur.at\/index.php\/termine\/zl-11-12-03-25\/\" data-type=\"page\" data-id=\"332\"><strong>Zusammen lesen #11<\/strong> mit Barbara Rieger, Silvia Stecher und Theresa Seraphin.<\/a><br>Mittwoch, 12. M\u00e4rz 2025 um 19 Uhr im Caf\u00e9 Kaiserfeld.<\/p>\n\n\n\n<p><a href=\"https:\/\/zusammenlesen.mur.at\/index.php\/termine\/zl-10\/\" data-type=\"page\" data-id=\"311\"><strong>zusammen lesen #10<\/strong> mit Stephan Roiss, Lisa Krusche und Mario Schemmerl.<\/a><br>Mittwoch, 13. November um 19 Uhr im Caf\u00e9 Kaiserfeld.<\/p>\n\n\n\n<p><a href=\"https:\/\/zusammenlesen.mur.at\/index.php\/termine\/zl-9-18-09-24\/\" data-type=\"page\" data-id=\"324\"><strong>zusammen lesen #9<\/strong> mit Cordula Simon, Helene Proissl und Michelle-Francine Ulz.<\/a><br>Donnerstag, 18. September um 19 Uhr im Caf\u00e9 Kaiserfeld.<\/p>\n\n\n\n<p><a href=\"https:\/\/zusammenlesen.mur.at\/index.php\/termine\/zl8-15-05-24\/\"><strong>zusammen lesen #8<\/strong>: Prosaformen<\/a><a href=\"https:\/\/zusammenlesen.mur.at\/index.php\/termine\/zl8-15-05-24\/\" data-type=\"page\" data-id=\"258\"> <\/a><a href=\"https:\/\/zusammenlesen.mur.at\/index.php\/termine\/zl8-15-05-24\/\" data-type=\"page\" data-id=\"258\">mit Wittrich, Nava Ebrahimi und Ana Grilc.<\/a><br>Mittwoch, 15. Mai 2024 um 19 Uhr im Caf\u00e9 Kaiserfeld.<\/p>\n\n\n\n<p><a href=\"https:\/\/zusammenlesen.mur.at\/index.php\/termine\/zl-7-14-03-24\/\" data-type=\"page\" data-id=\"256\"><strong>zusammen lesen #7<\/strong> mit Andrea Stift-Laube, Richard Schuberth &amp; Bianca Jankovska.<\/a><br>Donnerstag, 14. M\u00e4rz 2024 um 19 Uhr im Caf\u00e9 Kaiserfeld.<\/p>\n\n\n\n<p><a href=\"https:\/\/zusammenlesen.mur.at\/index.php\/termine\/zl6-09-11-2023\/\" data-type=\"page\" data-id=\"252\"><strong><em>zusammen lesen #6<\/em><\/strong> mit Kathrin Liess und Irene Diwiak.<\/a><br>Donnerstag, 9. November 2023 um 19 Uhr im Caf\u00e9 Kaiserfeld.<\/p>\n\n\n\n<p><a href=\"https:\/\/zusammenlesen.mur.at\/index.php\/termine\/zl-x-glaserne-texte\/\" data-type=\"page\" data-id=\"204\"><em><strong>zusammen lesen x Gl\u00e4serne Texte<\/strong><\/em> mit Timo Brandt, Frieda Paris und Julius Handl. <\/a><br>Die Gl\u00e4sernen Texte sind aus Wien zu Gast und stellen ihre Anthologie &#8220;Gl\u00e4sern und Gl\u00e4nzen&#8221; vor.<br>Donnerstag, 21. September um 19 Uhr im Caf\u00e9 Kaiserfeld.<\/p>\n\n\n\n<p><a href=\"https:\/\/zusammenlesen.mur.at\/index.php\/termine\/zusammen-lesen-5\/\" data-type=\"page\" data-id=\"180\"><strong><em>zusammen lesen #5<\/em><\/strong> mit Katharina Pressl, Mario Huber und Fiston Mwanza Mujila.<\/a><br>Donnerstag, 7. September um 19 Uhr im Caf\u00e9 Kaiserfeld.<\/p>\n\n\n\n<p><a href=\"https:\/\/zusammenlesen.mur.at\/index.php\/termine\/zusammen-lesen-4\/\" data-type=\"page\" data-id=\"178\"><strong><em>zusammen lesen #4<\/em><\/strong> mit Florian Labitsch, Sarah Berger und Nadine Nebel.<\/a><br>Donnerstag, 11. Mai 2023 um 19 Uhr im Caf\u00e9 Kaiserfeld.<\/p>\n\n\n\n<p><a href=\"https:\/\/zusammenlesen.mur.at\/index.php\/termine\/zusammen-lesen-3\/\" data-type=\"page\" data-id=\"176\"><strong><em>zusammen lesen #3<\/em><\/strong> mit Raoul Eisele, Daniela Kocmut und Marcus P\u00f6ttler.<\/a><br>Donnerstag, 15. M\u00e4rz 2023 um 19 Uhr im Caf\u00e9 Kaiserfeld.<\/p>\n\n\n\n<p><a href=\"https:\/\/zusammenlesen.mur.at\/index.php\/termine\/zusammen-lesen-2\/\" data-type=\"page\" data-id=\"174\"><strong><em>zusammen lesen #2 <\/em><\/strong>mit Yasmin Al-Yazdi, Anna Hengstberger und Esther Gschweitl.<\/a><br>Dienstag, 15. November 2022 um 19 Uhr im Caf\u00e9 Kaiserfeld.<\/p>\n\n\n\n<p><a href=\"https:\/\/zusammenlesen.mur.at\/index.php\/zusammen-lesen-1\/\"><strong><em>zusammen lesen #1 <\/em><\/strong>mit Michelle-Francine Ulz, Florian Kutej und Abelina Holzer.<\/a><br>Donnerstag, 8. September 2022 um 19 Uhr im Caf\u00e9 Kaiserfeld.<\/p>\n\n\n\n<p><br>Gef\u00f6rdert durch das Bundesministerium f\u00fcr Kunst, Kultur, \u00f6ffentlicher Dienst und Sport, das Land Steiermark, und die Stadt Graz.<\/p>\n\n\n\n<p><img loading=\"lazy\" decoding=\"async\" width=\"150\" height=\"96\" class=\"wp-image-33\" style=\"width: 150px;\" src=\"https:\/\/zusammenlesen.mur.at\/wp-content\/uploads\/2023\/09\/A9_Kultur_Europa_Sport_SW-1.jpg\" alt=\"\" srcset=\"https:\/\/zusammenlesen.mur.at\/wp-content\/uploads\/2023\/09\/A9_Kultur_Europa_Sport_SW-1.jpg 1654w, https:\/\/zusammenlesen.mur.at\/wp-content\/uploads\/2023\/09\/A9_Kultur_Europa_Sport_SW-1-300x193.jpg 300w, https:\/\/zusammenlesen.mur.at\/wp-content\/uploads\/2023\/09\/A9_Kultur_Europa_Sport_SW-1-1024x658.jpg 1024w, https:\/\/zusammenlesen.mur.at\/wp-content\/uploads\/2023\/09\/A9_Kultur_Europa_Sport_SW-1-768x494.jpg 768w, https:\/\/zusammenlesen.mur.at\/wp-content\/uploads\/2023\/09\/A9_Kultur_Europa_Sport_SW-1-1536x987.jpg 1536w\" sizes=\"auto, (max-width: 150px) 100vw, 150px\" \/><img loading=\"lazy\" decoding=\"async\" width=\"150\" height=\"41\" class=\"wp-image-28\" style=\"width: 150px;\" src=\"https:\/\/zusammenlesen.mur.at\/wp-content\/uploads\/2023\/09\/GRAZ_strich_schwarz_jpg.jpg\" alt=\"\" srcset=\"https:\/\/zusammenlesen.mur.at\/wp-content\/uploads\/2023\/09\/GRAZ_strich_schwarz_jpg.jpg 639w, https:\/\/zusammenlesen.mur.at\/wp-content\/uploads\/2023\/09\/GRAZ_strich_schwarz_jpg-300x83.jpg 300w\" sizes=\"auto, (max-width: 150px) 100vw, 150px\" \/><img loading=\"lazy\" decoding=\"async\" width=\"150\" height=\"40\" class=\"wp-image-29\" style=\"width: 150px;\" src=\"https:\/\/zusammenlesen.mur.at\/wp-content\/uploads\/2023\/09\/BMKOES_Logo_schwarz.jpg\" alt=\"\" srcset=\"https:\/\/zusammenlesen.mur.at\/wp-content\/uploads\/2023\/09\/BMKOES_Logo_schwarz.jpg 1723w, https:\/\/zusammenlesen.mur.at\/wp-content\/uploads\/2023\/09\/BMKOES_Logo_schwarz-300x81.jpg 300w, https:\/\/zusammenlesen.mur.at\/wp-content\/uploads\/2023\/09\/BMKOES_Logo_schwarz-1024x275.jpg 1024w, https:\/\/zusammenlesen.mur.at\/wp-content\/uploads\/2023\/09\/BMKOES_Logo_schwarz-768x206.jpg 768w, https:\/\/zusammenlesen.mur.at\/wp-content\/uploads\/2023\/09\/BMKOES_Logo_schwarz-1536x413.jpg 1536w\" sizes=\"auto, (max-width: 150px) 100vw, 150px\" \/><br><\/p>\n","protected":false},"excerpt":{"rendered":"<p>SAVE THE DATE Zusammen lesen #16: Schnittstelle Literatur &amp; Performance: Christine Teichmann, Elias [&hellip;]<\/p>\n","protected":false},"author":1,"featured_media":0,"parent":0,"menu_order":0,"comment_status":"closed","ping_status":"closed","template":"","meta":{"ngg_post_thumbnail":0,"footnotes":""},"class_list":["post-17","page","type-page","status-publish","hentry"],"_links":{"self":[{"href":"https:\/\/zusammenlesen.mur.at\/index.php\/wp-json\/wp\/v2\/pages\/17","targetHints":{"allow":["GET"]}}],"collection":[{"href":"https:\/\/zusammenlesen.mur.at\/index.php\/wp-json\/wp\/v2\/pages"}],"about":[{"href":"https:\/\/zusammenlesen.mur.at\/index.php\/wp-json\/wp\/v2\/types\/page"}],"author":[{"embeddable":true,"href":"https:\/\/zusammenlesen.mur.at\/index.php\/wp-json\/wp\/v2\/users\/1"}],"replies":[{"embeddable":true,"href":"https:\/\/zusammenlesen.mur.at\/index.php\/wp-json\/wp\/v2\/comments?post=17"}],"version-history":[{"count":39,"href":"https:\/\/zusammenlesen.mur.at\/index.php\/wp-json\/wp\/v2\/pages\/17\/revisions"}],"predecessor-version":[{"id":671,"href":"https:\/\/zusammenlesen.mur.at\/index.php\/wp-json\/wp\/v2\/pages\/17\/revisions\/671"}],"wp:attachment":[{"href":"https:\/\/zusammenlesen.mur.at\/index.php\/wp-json\/wp\/v2\/media?parent=17"}],"curies":[{"name":"wp","href":"https:\/\/api.w.org\/{rel}","templated":true}]}}